{"id":3017,"date":"2018-03-18T13:15:42","date_gmt":"2018-03-18T12:15:42","guid":{"rendered":"https:\/\/www.workman.se\/shop-west\/produkt\/konferensstol-bekvam-generos-och-stabil-kopplingsbar-sh45-cm\/"},"modified":"2018-03-18T13:15:42","modified_gmt":"2018-03-18T12:15:42","slug":"konferensstol-bekvam-generos-och-stabil-kopplingsbar-sh45-cm","status":"publish","type":"product","link":"https:\/\/www.workman.se\/shop-west\/produkt\/konferensstol-bekvam-generos-och-stabil-kopplingsbar-sh45-cm\/","title":{"rendered":"Konferensstol Bekv\u00e4m. Gener\u00f6s och stabil. Kopplingsbar SH=45 cm"},"content":{"rendered":"<p>M\u00f6rkgr\u00e5 stoppad sits\/rygg med m\u00f6rkgr\u00e5 benstomme. OBS! Kopplingsbar!<\/p>\n","protected":false},"excerpt":{"rendered":"<p>M\u00f6rkgr\u00e5 stoppad sits\/rygg med m\u00f6rkgr\u00e5 benstomme. OBS! Kopplingsbar!<\/p>\n","protected":false},"featured_media":108,"template":"","meta":[],"product_brand":[],"product_cat":[1784],"product_tag":[],"class_list":{"0":"post-3017","1":"product","2":"type-product","3":"status-publish","4":"has-post-thumbnail","6":"product_cat-stolar","8":"first","9":"instock","10":"taxable","11":"shipping-taxable","12":"purchasable","13":"product-type-simple"},"_links":{"self":[{"href":"https:\/\/www.workman.se\/shop-west\/wp-json\/wp\/v2\/product\/3017","targetHints":{"allow":["GET"]}}],"collection":[{"href":"https:\/\/www.workman.se\/shop-west\/wp-json\/wp\/v2\/product"}],"about":[{"href":"https:\/\/www.workman.se\/shop-west\/wp-json\/wp\/v2\/types\/product"}],"wp:featuredmedia":[{"embeddable":true,"href":"https:\/\/www.workman.se\/shop-west\/wp-json\/wp\/v2\/media\/108"}],"wp:attachment":[{"href":"https:\/\/www.workman.se\/shop-west\/wp-json\/wp\/v2\/media?parent=3017"}],"wp:term":[{"taxonomy":"product_brand","embeddable":true,"href":"https:\/\/www.workman.se\/shop-west\/wp-json\/wp\/v2\/product_brand?post=3017"},{"taxonomy":"product_cat","embeddable":true,"href":"https:\/\/www.workman.se\/shop-west\/wp-json\/wp\/v2\/product_cat?post=3017"},{"taxonomy":"product_tag","embeddable":true,"href":"https:\/\/www.workman.se\/shop-west\/wp-json\/wp\/v2\/product_tag?post=3017"}],"curies":[{"name":"wp","href":"https:\/\/api.w.org\/{rel}","templated":true}]}}