{"id":3066,"date":"2018-03-18T13:16:09","date_gmt":"2018-03-18T12:16:09","guid":{"rendered":"https:\/\/www.workman.se\/shop-west\/produkt\/hyra-saxlift-per-dag-obs-godkant-forarbevis-kravs\/"},"modified":"2018-03-18T13:16:09","modified_gmt":"2018-03-18T12:16:09","slug":"hyra-saxlift-per-dag-obs-godkant-forarbevis-kravs","status":"publish","type":"product","link":"https:\/\/www.workman.se\/shop-west\/produkt\/hyra-saxlift-per-dag-obs-godkant-forarbevis-kravs\/","title":{"rendered":"Hyra Saxlift per dag. OBS! Godk\u00e4nt f\u00f6rarbevis kr\u00e4vs."},"content":{"rendered":"","protected":false},"excerpt":{"rendered":"","protected":false},"featured_media":226,"template":"","meta":[],"product_brand":[],"product_cat":[1719],"product_tag":[],"class_list":{"0":"post-3066","1":"product","2":"type-product","3":"status-publish","4":"has-post-thumbnail","6":"product_cat-lift","8":"first","9":"instock","10":"taxable","11":"shipping-taxable","12":"purchasable","13":"product-type-simple"},"_links":{"self":[{"href":"https:\/\/www.workman.se\/shop-west\/wp-json\/wp\/v2\/product\/3066","targetHints":{"allow":["GET"]}}],"collection":[{"href":"https:\/\/www.workman.se\/shop-west\/wp-json\/wp\/v2\/product"}],"about":[{"href":"https:\/\/www.workman.se\/shop-west\/wp-json\/wp\/v2\/types\/product"}],"wp:featuredmedia":[{"embeddable":true,"href":"https:\/\/www.workman.se\/shop-west\/wp-json\/wp\/v2\/media\/226"}],"wp:attachment":[{"href":"https:\/\/www.workman.se\/shop-west\/wp-json\/wp\/v2\/media?parent=3066"}],"wp:term":[{"taxonomy":"product_brand","embeddable":true,"href":"https:\/\/www.workman.se\/shop-west\/wp-json\/wp\/v2\/product_brand?post=3066"},{"taxonomy":"product_cat","embeddable":true,"href":"https:\/\/www.workman.se\/shop-west\/wp-json\/wp\/v2\/product_cat?post=3066"},{"taxonomy":"product_tag","embeddable":true,"href":"https:\/\/www.workman.se\/shop-west\/wp-json\/wp\/v2\/product_tag?post=3066"}],"curies":[{"name":"wp","href":"https:\/\/api.w.org\/{rel}","templated":true}]}}