{"id":3072,"date":"2018-03-18T13:16:09","date_gmt":"2018-03-18T12:16:09","guid":{"rendered":"https:\/\/www.workman.se\/shop-west\/produkt\/broschyrstall-bordsmodell-plexi-1-st-a4-obs-endast-kop\/"},"modified":"2018-03-18T13:16:09","modified_gmt":"2018-03-18T12:16:09","slug":"broschyrstall-bordsmodell-plexi-1-st-a4-obs-endast-kop","status":"publish","type":"product","link":"https:\/\/www.workman.se\/shop-west\/produkt\/broschyrstall-bordsmodell-plexi-1-st-a4-obs-endast-kop\/","title":{"rendered":"Broschyrst\u00e4ll, bordsmodell. Plexi 1 st. A4  OBS! Endast k\u00f6p"},"content":{"rendered":"<p>OBS! Endast k\u00f6p! Du \u00e4ger broschyrst\u00e4llet.<\/p>\n","protected":false},"excerpt":{"rendered":"<p>OBS! Endast k\u00f6p! Du \u00e4ger broschyrst\u00e4llet.<\/p>\n","protected":false},"featured_media":242,"template":"","meta":[],"product_brand":[],"product_cat":[1667],"product_tag":[],"class_list":{"0":"post-3072","1":"product","2":"type-product","3":"status-publish","4":"has-post-thumbnail","6":"product_cat-bord","8":"first","9":"instock","10":"taxable","11":"shipping-taxable","12":"purchasable","13":"product-type-simple"},"_links":{"self":[{"href":"https:\/\/www.workman.se\/shop-west\/wp-json\/wp\/v2\/product\/3072","targetHints":{"allow":["GET"]}}],"collection":[{"href":"https:\/\/www.workman.se\/shop-west\/wp-json\/wp\/v2\/product"}],"about":[{"href":"https:\/\/www.workman.se\/shop-west\/wp-json\/wp\/v2\/types\/product"}],"wp:featuredmedia":[{"embeddable":true,"href":"https:\/\/www.workman.se\/shop-west\/wp-json\/wp\/v2\/media\/242"}],"wp:attachment":[{"href":"https:\/\/www.workman.se\/shop-west\/wp-json\/wp\/v2\/media?parent=3072"}],"wp:term":[{"taxonomy":"product_brand","embeddable":true,"href":"https:\/\/www.workman.se\/shop-west\/wp-json\/wp\/v2\/product_brand?post=3072"},{"taxonomy":"product_cat","embeddable":true,"href":"https:\/\/www.workman.se\/shop-west\/wp-json\/wp\/v2\/product_cat?post=3072"},{"taxonomy":"product_tag","embeddable":true,"href":"https:\/\/www.workman.se\/shop-west\/wp-json\/wp\/v2\/product_tag?post=3072"}],"curies":[{"name":"wp","href":"https:\/\/api.w.org\/{rel}","templated":true}]}}