{"id":3076,"date":"2018-03-18T13:16:09","date_gmt":"2018-03-18T12:16:09","guid":{"rendered":"https:\/\/www.workman.se\/shop-west\/produkt\/broschyrstall-plexi-a4\/"},"modified":"2018-03-18T13:16:09","modified_gmt":"2018-03-18T12:16:09","slug":"broschyrstall-plexi-a4","status":"publish","type":"product","link":"https:\/\/www.workman.se\/shop-west\/produkt\/broschyrstall-plexi-a4\/","title":{"rendered":"Broschyrst\u00e4ll plexi, A4"},"content":{"rendered":"<p>Broschyrst\u00e4ll, A4, V\u00e4ggmontage<\/p>\n","protected":false},"excerpt":{"rendered":"<p>Broschyrst\u00e4ll, A4, V\u00e4ggmontage<\/p>\n","protected":false},"featured_media":250,"template":"","meta":[],"product_brand":[],"product_cat":[1671],"product_tag":[],"class_list":{"0":"post-3076","1":"product","2":"type-product","3":"status-publish","4":"has-post-thumbnail","6":"product_cat-vagg","8":"first","9":"instock","10":"taxable","11":"shipping-taxable","12":"purchasable","13":"product-type-simple"},"_links":{"self":[{"href":"https:\/\/www.workman.se\/shop-west\/wp-json\/wp\/v2\/product\/3076","targetHints":{"allow":["GET"]}}],"collection":[{"href":"https:\/\/www.workman.se\/shop-west\/wp-json\/wp\/v2\/product"}],"about":[{"href":"https:\/\/www.workman.se\/shop-west\/wp-json\/wp\/v2\/types\/product"}],"wp:featuredmedia":[{"embeddable":true,"href":"https:\/\/www.workman.se\/shop-west\/wp-json\/wp\/v2\/media\/250"}],"wp:attachment":[{"href":"https:\/\/www.workman.se\/shop-west\/wp-json\/wp\/v2\/media?parent=3076"}],"wp:term":[{"taxonomy":"product_brand","embeddable":true,"href":"https:\/\/www.workman.se\/shop-west\/wp-json\/wp\/v2\/product_brand?post=3076"},{"taxonomy":"product_cat","embeddable":true,"href":"https:\/\/www.workman.se\/shop-west\/wp-json\/wp\/v2\/product_cat?post=3076"},{"taxonomy":"product_tag","embeddable":true,"href":"https:\/\/www.workman.se\/shop-west\/wp-json\/wp\/v2\/product_tag?post=3076"}],"curies":[{"name":"wp","href":"https:\/\/api.w.org\/{rel}","templated":true}]}}