{"id":3077,"date":"2018-03-18T13:16:09","date_gmt":"2018-03-18T12:16:09","guid":{"rendered":"https:\/\/www.workman.se\/shop-west\/produkt\/extra-forlangning-ytterligare-per-m-till-vit-belyst-bardisk-l100-cm\/"},"modified":"2018-05-14T14:47:43","modified_gmt":"2018-05-14T12:47:43","slug":"extra-forlangning-ytterligare-per-m-till-vit-belyst-bardisk-l100-cm","status":"publish","type":"product","link":"https:\/\/www.workman.se\/shop-west\/produkt\/extra-forlangning-ytterligare-per-m-till-vit-belyst-bardisk-l100-cm\/","title":{"rendered":"Extra f\u00f6rl\u00e4ngning, ytterligare per m till Vit belyst Bardisk L=100 cm"},"content":{"rendered":"<p>F\u00f6rl\u00e4ngningsdel L=100 cm. Det g\u00e5r att bygga bardiskar som \u00e4r 20 meter l\u00e5nga, eller mer om s\u00e5 \u00f6nskas.<\/p>\n","protected":false},"excerpt":{"rendered":"<p>F\u00f6rl\u00e4ngningsdel L=100 cm. Det g\u00e5r att bygga bardiskar som \u00e4r 20 meter l\u00e5nga, eller mer om s\u00e5 \u00f6nskas.<\/p>\n","protected":false},"featured_media":254,"template":"","meta":[],"product_brand":[],"product_cat":[1633],"product_tag":[],"class_list":{"0":"post-3077","1":"product","2":"type-product","3":"status-publish","4":"has-post-thumbnail","6":"product_cat-belyst-bardisk","8":"first","9":"instock","10":"taxable","11":"shipping-taxable","12":"purchasable","13":"product-type-simple"},"_links":{"self":[{"href":"https:\/\/www.workman.se\/shop-west\/wp-json\/wp\/v2\/product\/3077","targetHints":{"allow":["GET"]}}],"collection":[{"href":"https:\/\/www.workman.se\/shop-west\/wp-json\/wp\/v2\/product"}],"about":[{"href":"https:\/\/www.workman.se\/shop-west\/wp-json\/wp\/v2\/types\/product"}],"wp:featuredmedia":[{"embeddable":true,"href":"https:\/\/www.workman.se\/shop-west\/wp-json\/wp\/v2\/media\/254"}],"wp:attachment":[{"href":"https:\/\/www.workman.se\/shop-west\/wp-json\/wp\/v2\/media?parent=3077"}],"wp:term":[{"taxonomy":"product_brand","embeddable":true,"href":"https:\/\/www.workman.se\/shop-west\/wp-json\/wp\/v2\/product_brand?post=3077"},{"taxonomy":"product_cat","embeddable":true,"href":"https:\/\/www.workman.se\/shop-west\/wp-json\/wp\/v2\/product_cat?post=3077"},{"taxonomy":"product_tag","embeddable":true,"href":"https:\/\/www.workman.se\/shop-west\/wp-json\/wp\/v2\/product_tag?post=3077"}],"curies":[{"name":"wp","href":"https:\/\/api.w.org\/{rel}","templated":true}]}}