{"id":3078,"date":"2018-03-18T13:16:09","date_gmt":"2018-03-18T12:16:09","guid":{"rendered":"https:\/\/www.workman.se\/shop-west\/produkt\/belyst-bardisk-vit-bakgrundsbelyst-l200-cm-b90-cm-h110-cm\/"},"modified":"2024-03-14T12:54:31","modified_gmt":"2024-03-14T11:54:31","slug":"belyst-bardisk-vit-bakgrundsbelyst-l200-cm-b90-cm-h110-cm","status":"publish","type":"product","link":"https:\/\/www.workman.se\/shop-west\/produkt\/belyst-bardisk-vit-bakgrundsbelyst-l200-cm-b90-cm-h110-cm\/","title":{"rendered":"Belyst Bardisk Vit bakgrundsbelyst. L=200 cm B=90 cm H=110 cm"},"content":{"rendered":"<p>Toppskivan (h\u00f6gst upp) \u00e4r 40 cm bred och arbetsskivan under \u00e4r 60 cm bred. Bild ing\u00e5r ej, se art. nr. 12207 f\u00f6r pris och bild.<\/p>\n","protected":false},"excerpt":{"rendered":"<p>Toppskivan (h\u00f6gst upp) \u00e4r 40 cm bred och arbetsskivan under \u00e4r 60 cm bred. Bild ing\u00e5r ej, se art. nr. 12207 f\u00f6r pris och bild.<\/p>\n","protected":false},"featured_media":258,"template":"","meta":[],"product_brand":[],"product_cat":[1633],"product_tag":[],"class_list":{"0":"post-3078","1":"product","2":"type-product","3":"status-publish","4":"has-post-thumbnail","6":"product_cat-belyst-bardisk","8":"first","9":"instock","10":"taxable","11":"shipping-taxable","12":"purchasable","13":"product-type-simple"},"_links":{"self":[{"href":"https:\/\/www.workman.se\/shop-west\/wp-json\/wp\/v2\/product\/3078","targetHints":{"allow":["GET"]}}],"collection":[{"href":"https:\/\/www.workman.se\/shop-west\/wp-json\/wp\/v2\/product"}],"about":[{"href":"https:\/\/www.workman.se\/shop-west\/wp-json\/wp\/v2\/types\/product"}],"wp:featuredmedia":[{"embeddable":true,"href":"https:\/\/www.workman.se\/shop-west\/wp-json\/wp\/v2\/media\/258"}],"wp:attachment":[{"href":"https:\/\/www.workman.se\/shop-west\/wp-json\/wp\/v2\/media?parent=3078"}],"wp:term":[{"taxonomy":"product_brand","embeddable":true,"href":"https:\/\/www.workman.se\/shop-west\/wp-json\/wp\/v2\/product_brand?post=3078"},{"taxonomy":"product_cat","embeddable":true,"href":"https:\/\/www.workman.se\/shop-west\/wp-json\/wp\/v2\/product_cat?post=3078"},{"taxonomy":"product_tag","embeddable":true,"href":"https:\/\/www.workman.se\/shop-west\/wp-json\/wp\/v2\/product_tag?post=3078"}],"curies":[{"name":"wp","href":"https:\/\/api.w.org\/{rel}","templated":true}]}}