{"id":3080,"date":"2018-03-18T13:16:09","date_gmt":"2018-03-18T12:16:09","guid":{"rendered":"https:\/\/www.workman.se\/shop-west\/produkt\/disk-infodisk-a-vit-matt-b150-cm-d64-cm-h105-cm\/"},"modified":"2022-03-23T09:59:22","modified_gmt":"2022-03-23T08:59:22","slug":"disk-infodisk-a-vit-matt-b150-cm-d64-cm-h105-cm","status":"publish","type":"product","link":"https:\/\/www.workman.se\/shop-west\/produkt\/disk-infodisk-a-vit-matt-b150-cm-d64-cm-h105-cm\/","title":{"rendered":"Disk Infodisk A  VIT M\u00e5tt: B=150 cm D=64 cm H=105 cm"},"content":{"rendered":"<p>1 st. \u00f6ppet hyllplan p\u00e5 baksidan.<\/p>\n","protected":false},"excerpt":{"rendered":"<p>1 st. \u00f6ppet hyllplan p\u00e5 baksidan.<\/p>\n","protected":false},"featured_media":262,"template":"","meta":[],"product_brand":[],"product_cat":[1645],"product_tag":[],"class_list":{"0":"post-3080","1":"product","2":"type-product","3":"status-publish","4":"has-post-thumbnail","6":"product_cat-profildisk","8":"first","9":"instock","10":"taxable","11":"shipping-taxable","12":"purchasable","13":"product-type-simple"},"_links":{"self":[{"href":"https:\/\/www.workman.se\/shop-west\/wp-json\/wp\/v2\/product\/3080","targetHints":{"allow":["GET"]}}],"collection":[{"href":"https:\/\/www.workman.se\/shop-west\/wp-json\/wp\/v2\/product"}],"about":[{"href":"https:\/\/www.workman.se\/shop-west\/wp-json\/wp\/v2\/types\/product"}],"wp:featuredmedia":[{"embeddable":true,"href":"https:\/\/www.workman.se\/shop-west\/wp-json\/wp\/v2\/media\/262"}],"wp:attachment":[{"href":"https:\/\/www.workman.se\/shop-west\/wp-json\/wp\/v2\/media?parent=3080"}],"wp:term":[{"taxonomy":"product_brand","embeddable":true,"href":"https:\/\/www.workman.se\/shop-west\/wp-json\/wp\/v2\/product_brand?post=3080"},{"taxonomy":"product_cat","embeddable":true,"href":"https:\/\/www.workman.se\/shop-west\/wp-json\/wp\/v2\/product_cat?post=3080"},{"taxonomy":"product_tag","embeddable":true,"href":"https:\/\/www.workman.se\/shop-west\/wp-json\/wp\/v2\/product_tag?post=3080"}],"curies":[{"name":"wp","href":"https:\/\/api.w.org\/{rel}","templated":true}]}}