{"id":3082,"date":"2018-03-18T13:16:09","date_gmt":"2018-03-18T12:16:09","guid":{"rendered":"https:\/\/www.workman.se\/shop-west\/produkt\/tradisk-ljusgra-oljad-bok-l126-cm-b60-cm-h112-cm\/"},"modified":"2024-11-05T15:06:13","modified_gmt":"2024-11-05T14:06:13","slug":"tradisk-ljusgra-oljad-bok-l126-cm-b60-cm-h112-cm","status":"publish","type":"product","link":"https:\/\/www.workman.se\/shop-west\/produkt\/tradisk-ljusgra-oljad-bok-l126-cm-b60-cm-h112-cm\/","title":{"rendered":"Tr\u00e4disk ljusgr\u00e5, oljad bok. L=126 cm B=60 cm H=112 cm"},"content":{"rendered":"<p>M\u00e5tt p\u00e5 framsida f\u00f6r tryck: BxH 1220&#215;1100 mm<br \/>\nM\u00e5tt p\u00e5 kortsida f\u00f6r tryck: BxH 560&#215;1100 mm<\/p>\n","protected":false},"excerpt":{"rendered":"<p>M\u00e5tt p\u00e5 framsida f\u00f6r tryck: BxH 1220&#215;1100 mm M\u00e5tt p\u00e5 kortsida f\u00f6r tryck: BxH 560&#215;1100 mm<\/p>\n","protected":false},"featured_media":266,"template":"","meta":[],"product_brand":[],"product_cat":[1637],"product_tag":[],"class_list":{"0":"post-3082","1":"product","2":"type-product","3":"status-publish","4":"has-post-thumbnail","6":"product_cat-disk-tra","8":"first","9":"instock","10":"taxable","11":"shipping-taxable","12":"purchasable","13":"product-type-simple"},"_links":{"self":[{"href":"https:\/\/www.workman.se\/shop-west\/wp-json\/wp\/v2\/product\/3082","targetHints":{"allow":["GET"]}}],"collection":[{"href":"https:\/\/www.workman.se\/shop-west\/wp-json\/wp\/v2\/product"}],"about":[{"href":"https:\/\/www.workman.se\/shop-west\/wp-json\/wp\/v2\/types\/product"}],"wp:featuredmedia":[{"embeddable":true,"href":"https:\/\/www.workman.se\/shop-west\/wp-json\/wp\/v2\/media\/266"}],"wp:attachment":[{"href":"https:\/\/www.workman.se\/shop-west\/wp-json\/wp\/v2\/media?parent=3082"}],"wp:term":[{"taxonomy":"product_brand","embeddable":true,"href":"https:\/\/www.workman.se\/shop-west\/wp-json\/wp\/v2\/product_brand?post=3082"},{"taxonomy":"product_cat","embeddable":true,"href":"https:\/\/www.workman.se\/shop-west\/wp-json\/wp\/v2\/product_cat?post=3082"},{"taxonomy":"product_tag","embeddable":true,"href":"https:\/\/www.workman.se\/shop-west\/wp-json\/wp\/v2\/product_tag?post=3082"}],"curies":[{"name":"wp","href":"https:\/\/api.w.org\/{rel}","templated":true}]}}