{"id":3092,"date":"2018-03-18T13:16:19","date_gmt":"2018-03-18T12:16:19","guid":{"rendered":"https:\/\/www.workman.se\/shop-west\/produkt\/rund-disk-210x100x30-cm\/"},"modified":"2024-11-05T15:04:00","modified_gmt":"2024-11-05T14:04:00","slug":"rund-disk-210x100x30-cm","status":"publish","type":"product","link":"https:\/\/www.workman.se\/shop-west\/produkt\/rund-disk-210x100x30-cm\/","title":{"rendered":"Rund disk, 210x100x30 cm"},"content":{"rendered":"<p>En rund disk ger extra liv \u00e5t montern. Hylla nedtill och i mitten f\u00f6r f\u00f6rvaring.<br \/>\nM\u00e5tt p\u00e5 framsida f\u00f6r tryck: BxH 2360&#215;880 mm<\/p>\n","protected":false},"excerpt":{"rendered":"<p>En rund disk ger extra liv \u00e5t montern. Hylla nedtill och i mitten f\u00f6r f\u00f6rvaring. M\u00e5tt p\u00e5 framsida f\u00f6r tryck: BxH 2360&#215;880 mm<\/p>\n","protected":false},"featured_media":4206,"template":"","meta":[],"product_brand":[],"product_cat":[1637],"product_tag":[],"class_list":{"0":"post-3092","1":"product","2":"type-product","3":"status-publish","4":"has-post-thumbnail","6":"product_cat-disk-tra","8":"first","9":"instock","10":"taxable","11":"shipping-taxable","12":"purchasable","13":"product-type-simple"},"_links":{"self":[{"href":"https:\/\/www.workman.se\/shop-west\/wp-json\/wp\/v2\/product\/3092","targetHints":{"allow":["GET"]}}],"collection":[{"href":"https:\/\/www.workman.se\/shop-west\/wp-json\/wp\/v2\/product"}],"about":[{"href":"https:\/\/www.workman.se\/shop-west\/wp-json\/wp\/v2\/types\/product"}],"wp:featuredmedia":[{"embeddable":true,"href":"https:\/\/www.workman.se\/shop-west\/wp-json\/wp\/v2\/media\/4206"}],"wp:attachment":[{"href":"https:\/\/www.workman.se\/shop-west\/wp-json\/wp\/v2\/media?parent=3092"}],"wp:term":[{"taxonomy":"product_brand","embeddable":true,"href":"https:\/\/www.workman.se\/shop-west\/wp-json\/wp\/v2\/product_brand?post=3092"},{"taxonomy":"product_cat","embeddable":true,"href":"https:\/\/www.workman.se\/shop-west\/wp-json\/wp\/v2\/product_cat?post=3092"},{"taxonomy":"product_tag","embeddable":true,"href":"https:\/\/www.workman.se\/shop-west\/wp-json\/wp\/v2\/product_tag?post=3092"}],"curies":[{"name":"wp","href":"https:\/\/api.w.org\/{rel}","templated":true}]}}