{"id":3093,"date":"2018-03-18T13:16:19","date_gmt":"2018-03-18T12:16:19","guid":{"rendered":"https:\/\/www.workman.se\/shop-west\/produkt\/ljuskub-for-exponering-100x50x50-cm\/"},"modified":"2018-06-21T13:18:43","modified_gmt":"2018-06-21T11:18:43","slug":"ljuskub-for-exponering-100x50x50-cm","status":"publish","type":"product","link":"https:\/\/www.workman.se\/shop-west\/produkt\/ljuskub-for-exponering-100x50x50-cm\/","title":{"rendered":"Ljuskub f\u00f6r exponering 100x50x50 cm"},"content":{"rendered":"<p>Belyst exponeringskub som g\u00f6r det lilla extra. Kan med f\u00f6rdel folieras med logotype eller budskap (kontakta oss s\u00e5 ber\u00e4ttar vi mer) OBS! Bilden visar 3 st. kuber (50x50x50, 75x50x50, 100x50x50cm) som m\u00e5ste best\u00e4llas enskilt.<\/p>\n","protected":false},"excerpt":{"rendered":"<p>Belyst exponeringskub som g\u00f6r det lilla extra. Kan med f\u00f6rdel folieras med logotype eller budskap (kontakta oss s\u00e5 ber\u00e4ttar vi mer) OBS! Bilden visar 3 st. kuber (50x50x50, 75x50x50, 100x50x50cm) som m\u00e5ste best\u00e4llas enskilt.<\/p>\n","protected":false},"featured_media":318,"template":"","meta":[],"product_brand":[],"product_cat":[1639],"product_tag":[],"class_list":{"0":"post-3093","1":"product","2":"type-product","3":"status-publish","4":"has-post-thumbnail","6":"product_cat-ljuskub","8":"first","9":"instock","10":"taxable","11":"shipping-taxable","12":"purchasable","13":"product-type-simple"},"_links":{"self":[{"href":"https:\/\/www.workman.se\/shop-west\/wp-json\/wp\/v2\/product\/3093","targetHints":{"allow":["GET"]}}],"collection":[{"href":"https:\/\/www.workman.se\/shop-west\/wp-json\/wp\/v2\/product"}],"about":[{"href":"https:\/\/www.workman.se\/shop-west\/wp-json\/wp\/v2\/types\/product"}],"wp:featuredmedia":[{"embeddable":true,"href":"https:\/\/www.workman.se\/shop-west\/wp-json\/wp\/v2\/media\/318"}],"wp:attachment":[{"href":"https:\/\/www.workman.se\/shop-west\/wp-json\/wp\/v2\/media?parent=3093"}],"wp:term":[{"taxonomy":"product_brand","embeddable":true,"href":"https:\/\/www.workman.se\/shop-west\/wp-json\/wp\/v2\/product_brand?post=3093"},{"taxonomy":"product_cat","embeddable":true,"href":"https:\/\/www.workman.se\/shop-west\/wp-json\/wp\/v2\/product_cat?post=3093"},{"taxonomy":"product_tag","embeddable":true,"href":"https:\/\/www.workman.se\/shop-west\/wp-json\/wp\/v2\/product_tag?post=3093"}],"curies":[{"name":"wp","href":"https:\/\/api.w.org\/{rel}","templated":true}]}}