{"id":3099,"date":"2018-03-18T13:16:19","date_gmt":"2018-03-18T12:16:19","guid":{"rendered":"https:\/\/www.workman.se\/shop-west\/produkt\/vitrinskap-dito-svart-d37-cm-b43-cm-h163-cm\/"},"modified":"2019-01-17T14:54:31","modified_gmt":"2019-01-17T13:54:31","slug":"vitrinskap-dito-svart-d37-cm-b43-cm-h163-cm","status":"publish","type":"product","link":"https:\/\/www.workman.se\/shop-west\/produkt\/vitrinskap-dito-svart-d37-cm-b43-cm-h163-cm\/","title":{"rendered":"Vitrinsk\u00e5p Dito. SVART D=37 cm B=43 cm H=163 cm"},"content":{"rendered":"<p>Topp och bottenplatta: Folierad sp\u00e5nskiva. Stomme: St\u00e5l, Epoxilackerad. Skivor: H\u00e4rdat glas. Max. belastning per hyllplan: 6 kg<\/p>\n","protected":false},"excerpt":{"rendered":"<p>Topp och bottenplatta: Folierad sp\u00e5nskiva. Stomme: St\u00e5l, Epoxilackerad. Skivor: H\u00e4rdat glas. Max. belastning per hyllplan: 6 kg<\/p>\n","protected":false},"featured_media":336,"template":"","meta":[],"product_brand":[],"product_cat":[1649],"product_tag":[],"class_list":{"0":"post-3099","1":"product","2":"type-product","3":"status-publish","4":"has-post-thumbnail","6":"product_cat-vitrinskap","8":"first","9":"instock","10":"taxable","11":"shipping-taxable","12":"purchasable","13":"product-type-simple"},"_links":{"self":[{"href":"https:\/\/www.workman.se\/shop-west\/wp-json\/wp\/v2\/product\/3099","targetHints":{"allow":["GET"]}}],"collection":[{"href":"https:\/\/www.workman.se\/shop-west\/wp-json\/wp\/v2\/product"}],"about":[{"href":"https:\/\/www.workman.se\/shop-west\/wp-json\/wp\/v2\/types\/product"}],"wp:featuredmedia":[{"embeddable":true,"href":"https:\/\/www.workman.se\/shop-west\/wp-json\/wp\/v2\/media\/336"}],"wp:attachment":[{"href":"https:\/\/www.workman.se\/shop-west\/wp-json\/wp\/v2\/media?parent=3099"}],"wp:term":[{"taxonomy":"product_brand","embeddable":true,"href":"https:\/\/www.workman.se\/shop-west\/wp-json\/wp\/v2\/product_brand?post=3099"},{"taxonomy":"product_cat","embeddable":true,"href":"https:\/\/www.workman.se\/shop-west\/wp-json\/wp\/v2\/product_cat?post=3099"},{"taxonomy":"product_tag","embeddable":true,"href":"https:\/\/www.workman.se\/shop-west\/wp-json\/wp\/v2\/product_tag?post=3099"}],"curies":[{"name":"wp","href":"https:\/\/api.w.org\/{rel}","templated":true}]}}