{"id":3113,"date":"2018-03-18T13:16:29","date_gmt":"2018-03-18T12:16:29","guid":{"rendered":"https:\/\/www.workman.se\/shop-west\/produkt\/el-anslutning-10a-230v-friends-arena\/"},"modified":"2026-02-26T14:31:52","modified_gmt":"2026-02-26T13:31:52","slug":"el-anslutning-10a-230v-upp-till-2000-w-inkl-golvuttag-abymassan","status":"publish","type":"product","link":"https:\/\/www.workman.se\/shop-west\/produkt\/el-anslutning-10a-230v-upp-till-2000-w-inkl-golvuttag-abymassan\/","title":{"rendered":"El-anslutning 10A \/230V upp till 2000 W (inkl. golvuttag) \u00c5bym\u00e4ssan"},"content":{"rendered":"<p>Inkl. golvuttag (3-v\u00e4gs). OBS! Detta \u00e4r endast f\u00f6r \u00c5bym\u00e4ssan.<\/p>\n","protected":false},"excerpt":{"rendered":"<p>Inkl. golvuttag (3-v\u00e4gs). OBS! Detta \u00e4r endast f\u00f6r \u00c5bym\u00e4ssan.<\/p>\n","protected":false},"featured_media":378,"template":"","meta":[],"product_brand":[],"product_cat":[1895],"product_tag":[],"class_list":{"0":"post-3113","1":"product","2":"type-product","3":"status-publish","4":"has-post-thumbnail","6":"product_cat-el-abymassan","8":"first","9":"instock","10":"taxable","11":"shipping-taxable","12":"purchasable","13":"product-type-simple"},"_links":{"self":[{"href":"https:\/\/www.workman.se\/shop-west\/wp-json\/wp\/v2\/product\/3113","targetHints":{"allow":["GET"]}}],"collection":[{"href":"https:\/\/www.workman.se\/shop-west\/wp-json\/wp\/v2\/product"}],"about":[{"href":"https:\/\/www.workman.se\/shop-west\/wp-json\/wp\/v2\/types\/product"}],"wp:featuredmedia":[{"embeddable":true,"href":"https:\/\/www.workman.se\/shop-west\/wp-json\/wp\/v2\/media\/378"}],"wp:attachment":[{"href":"https:\/\/www.workman.se\/shop-west\/wp-json\/wp\/v2\/media?parent=3113"}],"wp:term":[{"taxonomy":"product_brand","embeddable":true,"href":"https:\/\/www.workman.se\/shop-west\/wp-json\/wp\/v2\/product_brand?post=3113"},{"taxonomy":"product_cat","embeddable":true,"href":"https:\/\/www.workman.se\/shop-west\/wp-json\/wp\/v2\/product_cat?post=3113"},{"taxonomy":"product_tag","embeddable":true,"href":"https:\/\/www.workman.se\/shop-west\/wp-json\/wp\/v2\/product_tag?post=3113"}],"curies":[{"name":"wp","href":"https:\/\/api.w.org\/{rel}","templated":true}]}}