{"id":3117,"date":"2018-03-18T13:16:29","date_gmt":"2018-03-18T12:16:29","guid":{"rendered":"https:\/\/www.workman.se\/shop-west\/produkt\/nattstrom-230-v\/"},"modified":"2026-02-26T14:42:55","modified_gmt":"2026-02-26T13:42:55","slug":"starkstrom-380v-16a-max-106kw-abymassan","status":"publish","type":"product","link":"https:\/\/www.workman.se\/shop-west\/produkt\/starkstrom-380v-16a-max-106kw-abymassan\/","title":{"rendered":"Starkstr\u00f6m 380V 16A max 10,6KW (\u00c5bym\u00e4ssan)"},"content":{"rendered":"<p>Vi placerar elanslutningen p\u00e5 n\u00e4rmast tillg\u00e4nglig plats om ej annat anges. Alla 3-fas kraftuttag som inte \u00e4r best\u00e4llda som nattstr\u00f6m, st\u00e4ngs av under natten.<\/p>\n","protected":false},"excerpt":{"rendered":"<p>Vi placerar elanslutningen p\u00e5 n\u00e4rmast tillg\u00e4nglig plats om ej annat anges. Alla 3-fas kraftuttag som inte \u00e4r best\u00e4llda som nattstr\u00f6m, st\u00e4ngs av under natten.<\/p>\n","protected":false},"featured_media":392,"template":"","meta":[],"product_brand":[],"product_cat":[1895],"product_tag":[],"class_list":{"0":"post-3117","1":"product","2":"type-product","3":"status-publish","4":"has-post-thumbnail","6":"product_cat-el-abymassan","8":"first","9":"instock","10":"taxable","11":"shipping-taxable","12":"purchasable","13":"product-type-simple"},"_links":{"self":[{"href":"https:\/\/www.workman.se\/shop-west\/wp-json\/wp\/v2\/product\/3117","targetHints":{"allow":["GET"]}}],"collection":[{"href":"https:\/\/www.workman.se\/shop-west\/wp-json\/wp\/v2\/product"}],"about":[{"href":"https:\/\/www.workman.se\/shop-west\/wp-json\/wp\/v2\/types\/product"}],"wp:featuredmedia":[{"embeddable":true,"href":"https:\/\/www.workman.se\/shop-west\/wp-json\/wp\/v2\/media\/392"}],"wp:attachment":[{"href":"https:\/\/www.workman.se\/shop-west\/wp-json\/wp\/v2\/media?parent=3117"}],"wp:term":[{"taxonomy":"product_brand","embeddable":true,"href":"https:\/\/www.workman.se\/shop-west\/wp-json\/wp\/v2\/product_brand?post=3117"},{"taxonomy":"product_cat","embeddable":true,"href":"https:\/\/www.workman.se\/shop-west\/wp-json\/wp\/v2\/product_cat?post=3117"},{"taxonomy":"product_tag","embeddable":true,"href":"https:\/\/www.workman.se\/shop-west\/wp-json\/wp\/v2\/product_tag?post=3117"}],"curies":[{"name":"wp","href":"https:\/\/api.w.org\/{rel}","templated":true}]}}