{"id":3130,"date":"2018-03-18T13:16:38","date_gmt":"2018-03-18T12:16:38","guid":{"rendered":"https:\/\/www.workman.se\/shop-west\/produkt\/spotlight-led-lampa-21w-motsv-ca-200w\/"},"modified":"2019-09-19T09:09:32","modified_gmt":"2019-09-19T07:09:32","slug":"spotlight-led-lampa-21w-motsv-ca-200w","status":"publish","type":"product","link":"https:\/\/www.workman.se\/shop-west\/produkt\/spotlight-led-lampa-21w-motsv-ca-200w\/","title":{"rendered":"Spotlight LED-lampa 21W (motsv. ca. 200W)."},"content":{"rendered":"<p>Arm 50 cm fram till belysningsyta (inkl. f\u00e4ste). H\u00f6gblank aluminium armatur med ljusgr\u00e5 arm och f\u00e4ste.<\/p>\n<p>OBS! El \u00e4r inte inkluderat i detta pris, detta best\u00e4lls separat.<\/p>\n","protected":false},"excerpt":{"rendered":"<p>Arm 50 cm fram till belysningsyta (inkl. f\u00e4ste). H\u00f6gblank aluminium armatur med ljusgr\u00e5 arm och f\u00e4ste. OBS! El \u00e4r inte inkluderat i detta pris, detta best\u00e4lls separat.<\/p>\n","protected":false},"featured_media":394,"template":"","meta":[],"product_brand":[],"product_cat":[1675],"product_tag":[],"class_list":{"0":"post-3130","1":"product","2":"type-product","3":"status-publish","4":"has-post-thumbnail","6":"product_cat-belysning","8":"first","9":"instock","10":"taxable","11":"shipping-taxable","12":"purchasable","13":"product-type-simple"},"_links":{"self":[{"href":"https:\/\/www.workman.se\/shop-west\/wp-json\/wp\/v2\/product\/3130","targetHints":{"allow":["GET"]}}],"collection":[{"href":"https:\/\/www.workman.se\/shop-west\/wp-json\/wp\/v2\/product"}],"about":[{"href":"https:\/\/www.workman.se\/shop-west\/wp-json\/wp\/v2\/types\/product"}],"wp:featuredmedia":[{"embeddable":true,"href":"https:\/\/www.workman.se\/shop-west\/wp-json\/wp\/v2\/media\/394"}],"wp:attachment":[{"href":"https:\/\/www.workman.se\/shop-west\/wp-json\/wp\/v2\/media?parent=3130"}],"wp:term":[{"taxonomy":"product_brand","embeddable":true,"href":"https:\/\/www.workman.se\/shop-west\/wp-json\/wp\/v2\/product_brand?post=3130"},{"taxonomy":"product_cat","embeddable":true,"href":"https:\/\/www.workman.se\/shop-west\/wp-json\/wp\/v2\/product_cat?post=3130"},{"taxonomy":"product_tag","embeddable":true,"href":"https:\/\/www.workman.se\/shop-west\/wp-json\/wp\/v2\/product_tag?post=3130"}],"curies":[{"name":"wp","href":"https:\/\/api.w.org\/{rel}","templated":true}]}}