{"id":3145,"date":"2018-03-18T13:16:46","date_gmt":"2018-03-18T12:16:46","guid":{"rendered":"https:\/\/www.workman.se\/shop-west\/produkt\/kladkrok-vagghangd\/"},"modified":"2019-03-21T13:25:43","modified_gmt":"2019-03-21T12:25:43","slug":"kladkrok-vagghangd","status":"publish","type":"product","link":"https:\/\/www.workman.se\/shop-west\/produkt\/kladkrok-vagghangd\/","title":{"rendered":"Kl\u00e4dkrok, v\u00e4ggh\u00e4ngd"},"content":{"rendered":"<p>TIPS! Praktisk i egna f\u00f6rr\u00e5d i montrar.<\/p>\n","protected":false},"excerpt":{"rendered":"<p>TIPS! Praktisk i egna f\u00f6rr\u00e5d i montrar.<\/p>\n","protected":false},"featured_media":5303,"template":"","meta":[],"product_brand":[],"product_cat":[1705],"product_tag":[],"class_list":{"0":"post-3145","1":"product","2":"type-product","3":"status-publish","4":"has-post-thumbnail","6":"product_cat-vagg-hangare","8":"first","9":"instock","10":"taxable","11":"shipping-taxable","12":"purchasable","13":"product-type-simple"},"_links":{"self":[{"href":"https:\/\/www.workman.se\/shop-west\/wp-json\/wp\/v2\/product\/3145","targetHints":{"allow":["GET"]}}],"collection":[{"href":"https:\/\/www.workman.se\/shop-west\/wp-json\/wp\/v2\/product"}],"about":[{"href":"https:\/\/www.workman.se\/shop-west\/wp-json\/wp\/v2\/types\/product"}],"wp:featuredmedia":[{"embeddable":true,"href":"https:\/\/www.workman.se\/shop-west\/wp-json\/wp\/v2\/media\/5303"}],"wp:attachment":[{"href":"https:\/\/www.workman.se\/shop-west\/wp-json\/wp\/v2\/media?parent=3145"}],"wp:term":[{"taxonomy":"product_brand","embeddable":true,"href":"https:\/\/www.workman.se\/shop-west\/wp-json\/wp\/v2\/product_brand?post=3145"},{"taxonomy":"product_cat","embeddable":true,"href":"https:\/\/www.workman.se\/shop-west\/wp-json\/wp\/v2\/product_cat?post=3145"},{"taxonomy":"product_tag","embeddable":true,"href":"https:\/\/www.workman.se\/shop-west\/wp-json\/wp\/v2\/product_tag?post=3145"}],"curies":[{"name":"wp","href":"https:\/\/api.w.org\/{rel}","templated":true}]}}