{"id":3152,"date":"2018-03-18T13:16:46","date_gmt":"2018-03-18T12:16:46","guid":{"rendered":"https:\/\/www.workman.se\/shop-west\/produkt\/vatteninstallation\/"},"modified":"2022-03-24T16:35:44","modified_gmt":"2022-03-24T15:35:44","slug":"vatteninstallation","status":"publish","type":"product","link":"https:\/\/www.workman.se\/shop-west\/produkt\/vatteninstallation\/","title":{"rendered":"Vatteninstallation"},"content":{"rendered":"","protected":false},"excerpt":{"rendered":"<p>Endast mot offert<\/p>\n<p>Vattenanslutning fr\u00e5n taket. 1\/2&#8243; armerad plastslang. OBS! Vattnet \u00e4r endast p\u00e5slaget inom \u00f6ppettiderna.<\/p>\n","protected":false},"featured_media":444,"template":"","meta":[],"product_brand":[],"product_cat":[1820],"product_tag":[],"class_list":{"0":"post-3152","1":"product","2":"type-product","3":"status-publish","4":"has-post-thumbnail","6":"product_cat-vatten","8":"first","9":"instock","10":"taxable","11":"shipping-taxable","12":"purchasable","13":"product-type-simple"},"_links":{"self":[{"href":"https:\/\/www.workman.se\/shop-west\/wp-json\/wp\/v2\/product\/3152","targetHints":{"allow":["GET"]}}],"collection":[{"href":"https:\/\/www.workman.se\/shop-west\/wp-json\/wp\/v2\/product"}],"about":[{"href":"https:\/\/www.workman.se\/shop-west\/wp-json\/wp\/v2\/types\/product"}],"wp:featuredmedia":[{"embeddable":true,"href":"https:\/\/www.workman.se\/shop-west\/wp-json\/wp\/v2\/media\/444"}],"wp:attachment":[{"href":"https:\/\/www.workman.se\/shop-west\/wp-json\/wp\/v2\/media?parent=3152"}],"wp:term":[{"taxonomy":"product_brand","embeddable":true,"href":"https:\/\/www.workman.se\/shop-west\/wp-json\/wp\/v2\/product_brand?post=3152"},{"taxonomy":"product_cat","embeddable":true,"href":"https:\/\/www.workman.se\/shop-west\/wp-json\/wp\/v2\/product_cat?post=3152"},{"taxonomy":"product_tag","embeddable":true,"href":"https:\/\/www.workman.se\/shop-west\/wp-json\/wp\/v2\/product_tag?post=3152"}],"curies":[{"name":"wp","href":"https:\/\/api.w.org\/{rel}","templated":true}]}}