{"id":3177,"date":"2018-03-18T13:16:53","date_gmt":"2018-03-18T12:16:53","guid":{"rendered":"https:\/\/www.workman.se\/shop-west\/produkt\/fast-internetanslutning-multi\/"},"modified":"2021-10-11T12:39:35","modified_gmt":"2021-10-11T10:39:35","slug":"fast-internetanslutning-multi","status":"publish","type":"product","link":"https:\/\/www.workman.se\/shop-west\/produkt\/fast-internetanslutning-multi\/","title":{"rendered":"Fast Internetanslutning &#8211; MULTI"},"content":{"rendered":"<p>1 st. tr\u00e5dbunden fast Internetf\u00f6rbindelse framdragen till din monter med m\u00f6jlighet att koppla in upp till 7 enheter.<\/p>\n<p>Anl\u00e4ggningen ansvarar inte f\u00f6r kunders och utst\u00e4llares egna datorer och\/eller applikationer. Endast n\u00e4tverksutrustning som tillhandah\u00e5lls av anl\u00e4ggningen \u00e4r till\u00e5ten att anv\u00e4ndas. Egna tr\u00e5dl\u00f6sa routrar och n\u00e4tverk samt annan s\u00e4ndande radioutrustning \u00e4r allts\u00e5 ej till\u00e5ten d\u00e5 dessa kan st\u00f6ra anl\u00e4ggningens n\u00e4tverk.<\/p>\n","protected":false},"excerpt":{"rendered":"<p>1 st. tr\u00e5dbunden fast Internetf\u00f6rbindelse framdragen till din monter med m\u00f6jlighet att koppla in upp till 7 enheter. Anl\u00e4ggningen ansvarar inte f\u00f6r kunders och utst\u00e4llares egna datorer och\/eller applikationer. Endast n\u00e4tverksutrustning som tillhandah\u00e5lls av anl\u00e4ggningen \u00e4r till\u00e5ten att anv\u00e4ndas. Egna tr\u00e5dl\u00f6sa routrar och n\u00e4tverk samt annan s\u00e4ndande radioutrustning \u00e4r allts\u00e5 ej till\u00e5ten d\u00e5 dessa kan [&hellip;]<\/p>\n","protected":false},"featured_media":500,"template":"","meta":[],"product_brand":[],"product_cat":[1713],"product_tag":[],"class_list":{"0":"post-3177","1":"product","2":"type-product","3":"status-publish","4":"has-post-thumbnail","6":"product_cat-internet","8":"first","9":"instock","10":"taxable","11":"shipping-taxable","12":"purchasable","13":"product-type-simple"},"_links":{"self":[{"href":"https:\/\/www.workman.se\/shop-west\/wp-json\/wp\/v2\/product\/3177","targetHints":{"allow":["GET"]}}],"collection":[{"href":"https:\/\/www.workman.se\/shop-west\/wp-json\/wp\/v2\/product"}],"about":[{"href":"https:\/\/www.workman.se\/shop-west\/wp-json\/wp\/v2\/types\/product"}],"wp:featuredmedia":[{"embeddable":true,"href":"https:\/\/www.workman.se\/shop-west\/wp-json\/wp\/v2\/media\/500"}],"wp:attachment":[{"href":"https:\/\/www.workman.se\/shop-west\/wp-json\/wp\/v2\/media?parent=3177"}],"wp:term":[{"taxonomy":"product_brand","embeddable":true,"href":"https:\/\/www.workman.se\/shop-west\/wp-json\/wp\/v2\/product_brand?post=3177"},{"taxonomy":"product_cat","embeddable":true,"href":"https:\/\/www.workman.se\/shop-west\/wp-json\/wp\/v2\/product_cat?post=3177"},{"taxonomy":"product_tag","embeddable":true,"href":"https:\/\/www.workman.se\/shop-west\/wp-json\/wp\/v2\/product_tag?post=3177"}],"curies":[{"name":"wp","href":"https:\/\/api.w.org\/{rel}","templated":true}]}}