{"id":3186,"date":"2018-03-18T13:17:02","date_gmt":"2018-03-18T12:17:02","guid":{"rendered":"https:\/\/www.workman.se\/shop-west\/produkt\/laggning-av-mdf-skivor-som-underlag-for-heltackningsmatta-ovanpa-m2\/"},"modified":"2018-03-19T13:51:34","modified_gmt":"2018-03-19T12:51:34","slug":"laggning-av-mdf-skivor-som-underlag-for-heltackningsmatta-ovanpa-m2","status":"publish","type":"product","link":"https:\/\/www.workman.se\/shop-west\/produkt\/laggning-av-mdf-skivor-som-underlag-for-heltackningsmatta-ovanpa-m2\/","title":{"rendered":"L\u00e4ggning av MDF-skivor som underlag f\u00f6r helt\u00e4ckningsmatta ovanp\u00e5. M2"},"content":{"rendered":"<p>Denna anv\u00e4nds d\u00e4r det redan finns en matta och man vill &#8221;byta&#8221; matta.<\/p>\n","protected":false},"excerpt":{"rendered":"<p>Denna anv\u00e4nds d\u00e4r det redan finns en matta och man vill &#8221;byta&#8221; matta.<\/p>\n","protected":false},"featured_media":530,"template":"","meta":[],"product_brand":[],"product_cat":[1691],"product_tag":[],"class_list":{"0":"post-3186","1":"product","2":"type-product","3":"status-publish","4":"has-post-thumbnail","6":"product_cat-golv-golv-scengolv","8":"first","9":"instock","10":"taxable","11":"shipping-taxable","12":"purchasable","13":"product-type-simple"},"_links":{"self":[{"href":"https:\/\/www.workman.se\/shop-west\/wp-json\/wp\/v2\/product\/3186","targetHints":{"allow":["GET"]}}],"collection":[{"href":"https:\/\/www.workman.se\/shop-west\/wp-json\/wp\/v2\/product"}],"about":[{"href":"https:\/\/www.workman.se\/shop-west\/wp-json\/wp\/v2\/types\/product"}],"wp:featuredmedia":[{"embeddable":true,"href":"https:\/\/www.workman.se\/shop-west\/wp-json\/wp\/v2\/media\/530"}],"wp:attachment":[{"href":"https:\/\/www.workman.se\/shop-west\/wp-json\/wp\/v2\/media?parent=3186"}],"wp:term":[{"taxonomy":"product_brand","embeddable":true,"href":"https:\/\/www.workman.se\/shop-west\/wp-json\/wp\/v2\/product_brand?post=3186"},{"taxonomy":"product_cat","embeddable":true,"href":"https:\/\/www.workman.se\/shop-west\/wp-json\/wp\/v2\/product_cat?post=3186"},{"taxonomy":"product_tag","embeddable":true,"href":"https:\/\/www.workman.se\/shop-west\/wp-json\/wp\/v2\/product_tag?post=3186"}],"curies":[{"name":"wp","href":"https:\/\/api.w.org\/{rel}","templated":true}]}}