{"id":3187,"date":"2018-03-18T13:17:02","date_gmt":"2018-03-18T12:17:02","guid":{"rendered":"https:\/\/www.workman.se\/shop-west\/produkt\/print-pa-octanormvagg-964x2394mm-pris-per-lpm\/"},"modified":"2019-06-11T08:14:19","modified_gmt":"2019-06-11T06:14:19","slug":"print-pa-octanormvagg-964x2394mm-pris-per-lpm","status":"publish","type":"product","link":"https:\/\/www.workman.se\/shop-west\/produkt\/print-pa-octanormvagg-964x2394mm-pris-per-lpm\/","title":{"rendered":"Print p\u00e5 Octanormv\u00e4gg (964x2394mm), pris per lpm."},"content":{"rendered":"<p>Inklusive produktion, material och montering. Priset f\u00f6ruts\u00e4tter digitalt underlag. Octanormv\u00e4gg ing\u00e5r inte.<\/p>\n","protected":false},"excerpt":{"rendered":"<p>Inklusive produktion, material och montering. Priset f\u00f6ruts\u00e4tter digitalt underlag. Octanormv\u00e4gg ing\u00e5r inte.<\/p>\n","protected":false},"featured_media":536,"template":"","meta":[],"product_brand":[],"product_cat":[1755],"product_tag":[],"class_list":{"0":"post-3187","1":"product","2":"type-product","3":"status-publish","4":"has-post-thumbnail","6":"product_cat-print-pa-massvagg","8":"first","9":"instock","10":"taxable","11":"shipping-taxable","12":"purchasable","13":"product-type-simple"},"_links":{"self":[{"href":"https:\/\/www.workman.se\/shop-west\/wp-json\/wp\/v2\/product\/3187","targetHints":{"allow":["GET"]}}],"collection":[{"href":"https:\/\/www.workman.se\/shop-west\/wp-json\/wp\/v2\/product"}],"about":[{"href":"https:\/\/www.workman.se\/shop-west\/wp-json\/wp\/v2\/types\/product"}],"wp:featuredmedia":[{"embeddable":true,"href":"https:\/\/www.workman.se\/shop-west\/wp-json\/wp\/v2\/media\/536"}],"wp:attachment":[{"href":"https:\/\/www.workman.se\/shop-west\/wp-json\/wp\/v2\/media?parent=3187"}],"wp:term":[{"taxonomy":"product_brand","embeddable":true,"href":"https:\/\/www.workman.se\/shop-west\/wp-json\/wp\/v2\/product_brand?post=3187"},{"taxonomy":"product_cat","embeddable":true,"href":"https:\/\/www.workman.se\/shop-west\/wp-json\/wp\/v2\/product_cat?post=3187"},{"taxonomy":"product_tag","embeddable":true,"href":"https:\/\/www.workman.se\/shop-west\/wp-json\/wp\/v2\/product_tag?post=3187"}],"curies":[{"name":"wp","href":"https:\/\/api.w.org\/{rel}","templated":true}]}}