{"id":3188,"date":"2018-03-18T13:17:02","date_gmt":"2018-03-18T12:17:02","guid":{"rendered":"https:\/\/www.workman.se\/shop-west\/produkt\/skuren-folie-text-logo-for-montering-pa-t-ex-massvagg-mobler-m-m-pris-per-m2\/"},"modified":"2019-11-28T15:04:36","modified_gmt":"2019-11-28T14:04:36","slug":"skuren-folie-text-logo-for-montering-pa-t-ex-massvagg-mobler-m-m-pris-per-m2","status":"publish","type":"product","link":"https:\/\/www.workman.se\/shop-west\/produkt\/skuren-folie-text-logo-for-montering-pa-t-ex-massvagg-mobler-m-m-pris-per-m2\/","title":{"rendered":"Skuren Folie text\/logo f\u00f6r montering p\u00e5 t.ex. m\u00e4ssv\u00e4gg, m\u00f6bler m.m. Pris per m2."},"content":{"rendered":"<p>Inklusive produktion, material och montering p\u00e5 v\u00e4gg. Priset f\u00f6ruts\u00e4tter (vektorbaserat) digitalt underlag.<\/p>\n","protected":false},"excerpt":{"rendered":"<p>Inklusive produktion, material och montering p\u00e5 v\u00e4gg. Priset f\u00f6ruts\u00e4tter (vektorbaserat) digitalt underlag.<\/p>\n","protected":false},"featured_media":544,"template":"","meta":[],"product_brand":[],"product_cat":[1637,1872,1645],"product_tag":[],"class_list":{"0":"post-3188","1":"product","2":"type-product","3":"status-publish","4":"has-post-thumbnail","6":"product_cat-disk-tra","7":"product_cat-print-pa-folie","8":"product_cat-profildisk","10":"first","11":"instock","12":"taxable","13":"shipping-taxable","14":"purchasable","15":"product-type-simple"},"_links":{"self":[{"href":"https:\/\/www.workman.se\/shop-west\/wp-json\/wp\/v2\/product\/3188","targetHints":{"allow":["GET"]}}],"collection":[{"href":"https:\/\/www.workman.se\/shop-west\/wp-json\/wp\/v2\/product"}],"about":[{"href":"https:\/\/www.workman.se\/shop-west\/wp-json\/wp\/v2\/types\/product"}],"wp:featuredmedia":[{"embeddable":true,"href":"https:\/\/www.workman.se\/shop-west\/wp-json\/wp\/v2\/media\/544"}],"wp:attachment":[{"href":"https:\/\/www.workman.se\/shop-west\/wp-json\/wp\/v2\/media?parent=3188"}],"wp:term":[{"taxonomy":"product_brand","embeddable":true,"href":"https:\/\/www.workman.se\/shop-west\/wp-json\/wp\/v2\/product_brand?post=3188"},{"taxonomy":"product_cat","embeddable":true,"href":"https:\/\/www.workman.se\/shop-west\/wp-json\/wp\/v2\/product_cat?post=3188"},{"taxonomy":"product_tag","embeddable":true,"href":"https:\/\/www.workman.se\/shop-west\/wp-json\/wp\/v2\/product_tag?post=3188"}],"curies":[{"name":"wp","href":"https:\/\/api.w.org\/{rel}","templated":true}]}}