{"id":3195,"date":"2018-03-18T13:17:02","date_gmt":"2018-03-18T12:17:02","guid":{"rendered":"https:\/\/www.workman.se\/shop-west\/produkt\/rampskylt-med-text-i-typsnittet-helvetica-svart-farg-pa-text-texthojd-20cm-pris-per-bokstav\/"},"modified":"2018-06-29T08:20:50","modified_gmt":"2018-06-29T06:20:50","slug":"rampskylt-med-text-i-typsnittet-helvetica-svart-farg-pa-text-texthojd-20cm-pris-per-bokstav","status":"publish","type":"product","link":"https:\/\/www.workman.se\/shop-west\/produkt\/rampskylt-med-text-i-typsnittet-helvetica-svart-farg-pa-text-texthojd-20cm-pris-per-bokstav\/","title":{"rendered":"Rampskylt med text i typsnittet Helvetica, svart f\u00e4rg p\u00e5 text, texth\u00f6jd 20cm, pris per bokstav."},"content":{"rendered":"<p>Gl\u00f6m inte skriva TEXT p\u00e5 best\u00e4llningen!<\/p>\n","protected":false},"excerpt":{"rendered":"<p>Gl\u00f6m inte skriva TEXT p\u00e5 best\u00e4llningen!<\/p>\n","protected":false},"featured_media":572,"template":"","meta":[],"product_brand":[],"product_cat":[1759],"product_tag":[],"class_list":{"0":"post-3195","1":"product","2":"type-product","3":"status-publish","4":"has-post-thumbnail","6":"product_cat-print-pa-rampskylt","8":"first","9":"instock","10":"taxable","11":"shipping-taxable","12":"purchasable","13":"product-type-simple"},"_links":{"self":[{"href":"https:\/\/www.workman.se\/shop-west\/wp-json\/wp\/v2\/product\/3195","targetHints":{"allow":["GET"]}}],"collection":[{"href":"https:\/\/www.workman.se\/shop-west\/wp-json\/wp\/v2\/product"}],"about":[{"href":"https:\/\/www.workman.se\/shop-west\/wp-json\/wp\/v2\/types\/product"}],"wp:featuredmedia":[{"embeddable":true,"href":"https:\/\/www.workman.se\/shop-west\/wp-json\/wp\/v2\/media\/572"}],"wp:attachment":[{"href":"https:\/\/www.workman.se\/shop-west\/wp-json\/wp\/v2\/media?parent=3195"}],"wp:term":[{"taxonomy":"product_brand","embeddable":true,"href":"https:\/\/www.workman.se\/shop-west\/wp-json\/wp\/v2\/product_brand?post=3195"},{"taxonomy":"product_cat","embeddable":true,"href":"https:\/\/www.workman.se\/shop-west\/wp-json\/wp\/v2\/product_cat?post=3195"},{"taxonomy":"product_tag","embeddable":true,"href":"https:\/\/www.workman.se\/shop-west\/wp-json\/wp\/v2\/product_tag?post=3195"}],"curies":[{"name":"wp","href":"https:\/\/api.w.org\/{rel}","templated":true}]}}