{"id":3196,"date":"2018-03-18T13:17:02","date_gmt":"2018-03-18T12:17:02","guid":{"rendered":"https:\/\/www.workman.se\/shop-west\/produkt\/rampskylt-med-valfritt-typsnitt-valfri-farg-pa-text-texthojd-20cm-pris-per-bokstav\/"},"modified":"2018-07-02T14:28:33","modified_gmt":"2018-07-02T12:28:33","slug":"rampskylt-med-valfritt-typsnitt-valfri-farg-pa-text-texthojd-20cm-pris-per-bokstav","status":"publish","type":"product","link":"https:\/\/www.workman.se\/shop-west\/produkt\/rampskylt-med-valfritt-typsnitt-valfri-farg-pa-text-texthojd-20cm-pris-per-bokstav\/","title":{"rendered":"Rampskylt med valfritt typsnitt, valfri f\u00e4rg p\u00e5 text, texth\u00f6jd 20cm, pris per bokstav."},"content":{"rendered":"<p>Vi erbjuder Windows standardtypsnitt. I \u00f6vriga fall bifogar Ni eventuella teckensnitt\/fonter via mail.<\/p>\n","protected":false},"excerpt":{"rendered":"<p>Vi erbjuder Windows standardtypsnitt. I \u00f6vriga fall bifogar Ni eventuella teckensnitt\/fonter via mail.<\/p>\n","protected":false},"featured_media":574,"template":"","meta":[],"product_brand":[],"product_cat":[1759],"product_tag":[],"class_list":{"0":"post-3196","1":"product","2":"type-product","3":"status-publish","4":"has-post-thumbnail","6":"product_cat-print-pa-rampskylt","8":"first","9":"instock","10":"taxable","11":"shipping-taxable","12":"purchasable","13":"product-type-simple"},"_links":{"self":[{"href":"https:\/\/www.workman.se\/shop-west\/wp-json\/wp\/v2\/product\/3196","targetHints":{"allow":["GET"]}}],"collection":[{"href":"https:\/\/www.workman.se\/shop-west\/wp-json\/wp\/v2\/product"}],"about":[{"href":"https:\/\/www.workman.se\/shop-west\/wp-json\/wp\/v2\/types\/product"}],"wp:featuredmedia":[{"embeddable":true,"href":"https:\/\/www.workman.se\/shop-west\/wp-json\/wp\/v2\/media\/574"}],"wp:attachment":[{"href":"https:\/\/www.workman.se\/shop-west\/wp-json\/wp\/v2\/media?parent=3196"}],"wp:term":[{"taxonomy":"product_brand","embeddable":true,"href":"https:\/\/www.workman.se\/shop-west\/wp-json\/wp\/v2\/product_brand?post=3196"},{"taxonomy":"product_cat","embeddable":true,"href":"https:\/\/www.workman.se\/shop-west\/wp-json\/wp\/v2\/product_cat?post=3196"},{"taxonomy":"product_tag","embeddable":true,"href":"https:\/\/www.workman.se\/shop-west\/wp-json\/wp\/v2\/product_tag?post=3196"}],"curies":[{"name":"wp","href":"https:\/\/api.w.org\/{rel}","templated":true}]}}