{"id":3207,"date":"2018-03-18T13:17:14","date_gmt":"2018-03-18T12:17:14","guid":{"rendered":"https:\/\/www.workman.se\/shop-west\/produkt\/print-pa-vepa-pris-per-m2-obs-lev-tid-cirka-2-veckor\/"},"modified":"2018-06-21T13:49:01","modified_gmt":"2018-06-21T11:49:01","slug":"print-pa-vepa-pris-per-m2-obs-lev-tid-cirka-2-veckor","status":"publish","type":"product","link":"https:\/\/www.workman.se\/shop-west\/produkt\/print-pa-vepa-pris-per-m2-obs-lev-tid-cirka-2-veckor\/","title":{"rendered":"Print p\u00e5 Vepa, pris per m2. OBS! Lev. tid cirka 2 veckor."},"content":{"rendered":"<p>Vepa\/Banner med tryck, valfri storlek, valfritt slutarbete(t.ex. kardborre, gummilist f\u00f6r keder etc). Vid takh\u00e4ngning ing\u00e5r ej vajerpunkter.<\/p>\n","protected":false},"excerpt":{"rendered":"<p>Vepa\/Banner med tryck, valfri storlek, valfritt slutarbete(t.ex. kardborre, gummilist f\u00f6r keder etc). Vid takh\u00e4ngning ing\u00e5r ej vajerpunkter.<\/p>\n","protected":false},"featured_media":606,"template":"","meta":[],"product_brand":[],"product_cat":[1763],"product_tag":[],"class_list":{"0":"post-3207","1":"product","2":"type-product","3":"status-publish","4":"has-post-thumbnail","6":"product_cat-print-pa-vepa-banner","8":"first","9":"instock","10":"taxable","11":"shipping-taxable","12":"purchasable","13":"product-type-simple"},"_links":{"self":[{"href":"https:\/\/www.workman.se\/shop-west\/wp-json\/wp\/v2\/product\/3207","targetHints":{"allow":["GET"]}}],"collection":[{"href":"https:\/\/www.workman.se\/shop-west\/wp-json\/wp\/v2\/product"}],"about":[{"href":"https:\/\/www.workman.se\/shop-west\/wp-json\/wp\/v2\/types\/product"}],"wp:featuredmedia":[{"embeddable":true,"href":"https:\/\/www.workman.se\/shop-west\/wp-json\/wp\/v2\/media\/606"}],"wp:attachment":[{"href":"https:\/\/www.workman.se\/shop-west\/wp-json\/wp\/v2\/media?parent=3207"}],"wp:term":[{"taxonomy":"product_brand","embeddable":true,"href":"https:\/\/www.workman.se\/shop-west\/wp-json\/wp\/v2\/product_brand?post=3207"},{"taxonomy":"product_cat","embeddable":true,"href":"https:\/\/www.workman.se\/shop-west\/wp-json\/wp\/v2\/product_cat?post=3207"},{"taxonomy":"product_tag","embeddable":true,"href":"https:\/\/www.workman.se\/shop-west\/wp-json\/wp\/v2\/product_tag?post=3207"}],"curies":[{"name":"wp","href":"https:\/\/api.w.org\/{rel}","templated":true}]}}