{"id":3210,"date":"2018-03-18T13:17:14","date_gmt":"2018-03-18T12:17:14","guid":{"rendered":"https:\/\/www.workman.se\/shop-west\/produkt\/print-pa-ljusladefilm-for-belyst-rund-bardisk-art-nr-1523-1347x982mm\/"},"modified":"2019-06-11T08:22:21","modified_gmt":"2019-06-11T06:22:21","slug":"print-for-belyst-rund-bardisk-art-nr-11528-1532x989mm","status":"publish","type":"product","link":"https:\/\/www.workman.se\/shop-west\/produkt\/print-for-belyst-rund-bardisk-art-nr-11528-1532x989mm\/","title":{"rendered":"Print f\u00f6r belyst rund bardisk art.nr 11528 (1532x989mm)"},"content":{"rendered":"<p>Print materialet \u00e4r av en specialtyp av opal plexi som l\u00e4mpar sig f\u00f6r bakgrundsbelysning.<\/p>\n","protected":false},"excerpt":{"rendered":"<p>Print materialet \u00e4r av en specialtyp av opal plexi som l\u00e4mpar sig f\u00f6r bakgrundsbelysning.<\/p>\n","protected":false},"featured_media":4925,"template":"","meta":[],"product_brand":[],"product_cat":[1633,1870],"product_tag":[],"class_list":{"0":"post-3210","1":"product","2":"type-product","3":"status-publish","4":"has-post-thumbnail","6":"product_cat-belyst-bardisk","7":"product_cat-print-pa-belyst-bardisk","9":"first","10":"instock","11":"featured","12":"taxable","13":"shipping-taxable","14":"purchasable","15":"product-type-simple"},"_links":{"self":[{"href":"https:\/\/www.workman.se\/shop-west\/wp-json\/wp\/v2\/product\/3210","targetHints":{"allow":["GET"]}}],"collection":[{"href":"https:\/\/www.workman.se\/shop-west\/wp-json\/wp\/v2\/product"}],"about":[{"href":"https:\/\/www.workman.se\/shop-west\/wp-json\/wp\/v2\/types\/product"}],"wp:featuredmedia":[{"embeddable":true,"href":"https:\/\/www.workman.se\/shop-west\/wp-json\/wp\/v2\/media\/4925"}],"wp:attachment":[{"href":"https:\/\/www.workman.se\/shop-west\/wp-json\/wp\/v2\/media?parent=3210"}],"wp:term":[{"taxonomy":"product_brand","embeddable":true,"href":"https:\/\/www.workman.se\/shop-west\/wp-json\/wp\/v2\/product_brand?post=3210"},{"taxonomy":"product_cat","embeddable":true,"href":"https:\/\/www.workman.se\/shop-west\/wp-json\/wp\/v2\/product_cat?post=3210"},{"taxonomy":"product_tag","embeddable":true,"href":"https:\/\/www.workman.se\/shop-west\/wp-json\/wp\/v2\/product_tag?post=3210"}],"curies":[{"name":"wp","href":"https:\/\/api.w.org\/{rel}","templated":true}]}}