{"id":3214,"date":"2018-03-18T13:17:14","date_gmt":"2018-03-18T12:17:14","guid":{"rendered":"https:\/\/www.workman.se\/shop-west\/produkt\/print-pa-sjalvhaftande-folie-for-bekladnad-av-vagg-25m-hojd-pris-per-lpm\/"},"modified":"2022-02-25T08:23:23","modified_gmt":"2022-02-25T07:23:23","slug":"print-pa-sjalvhaftande-folie-for-bekladnad-av-vagg-25m-hojd-pris-per-lpm","status":"publish","type":"product","link":"https:\/\/www.workman.se\/shop-west\/produkt\/print-pa-sjalvhaftande-folie-for-bekladnad-av-vagg-25m-hojd-pris-per-lpm\/","title":{"rendered":"<b>Print p\u00e5 sj\u00e4lvh\u00e4ftande Folie f\u00f6r bekl\u00e4dnad av v\u00e4gg<\/b> (2,5m h\u00f6jd), pris per lpm."},"content":{"rendered":"<p>Inklusive produktion, material(sp\u00e5nade v\u00e4ggar) och montering p\u00e5 v\u00e4gg. Priset f\u00f6ruts\u00e4tter digitalt underlag.<\/p>\n","protected":false},"excerpt":{"rendered":"<p><a href=\"https:\/\/www.workman.se\/shop-west\/wp-content\/uploads\/FolieradeVaggar-Art.nr2237.pdf\" target=\"_blank\" rel=\"noopener noreferrer\">Informationsblad<\/a><\/p>\n","protected":false},"featured_media":5309,"template":"","meta":[],"product_brand":[],"product_cat":[1755],"product_tag":[],"class_list":{"0":"post-3214","1":"product","2":"type-product","3":"status-publish","4":"has-post-thumbnail","6":"product_cat-print-pa-massvagg","8":"first","9":"instock","10":"taxable","11":"shipping-taxable","12":"purchasable","13":"product-type-simple"},"_links":{"self":[{"href":"https:\/\/www.workman.se\/shop-west\/wp-json\/wp\/v2\/product\/3214","targetHints":{"allow":["GET"]}}],"collection":[{"href":"https:\/\/www.workman.se\/shop-west\/wp-json\/wp\/v2\/product"}],"about":[{"href":"https:\/\/www.workman.se\/shop-west\/wp-json\/wp\/v2\/types\/product"}],"wp:featuredmedia":[{"embeddable":true,"href":"https:\/\/www.workman.se\/shop-west\/wp-json\/wp\/v2\/media\/5309"}],"wp:attachment":[{"href":"https:\/\/www.workman.se\/shop-west\/wp-json\/wp\/v2\/media?parent=3214"}],"wp:term":[{"taxonomy":"product_brand","embeddable":true,"href":"https:\/\/www.workman.se\/shop-west\/wp-json\/wp\/v2\/product_brand?post=3214"},{"taxonomy":"product_cat","embeddable":true,"href":"https:\/\/www.workman.se\/shop-west\/wp-json\/wp\/v2\/product_cat?post=3214"},{"taxonomy":"product_tag","embeddable":true,"href":"https:\/\/www.workman.se\/shop-west\/wp-json\/wp\/v2\/product_tag?post=3214"}],"curies":[{"name":"wp","href":"https:\/\/api.w.org\/{rel}","templated":true}]}}