{"id":3236,"date":"2018-03-18T13:17:24","date_gmt":"2018-03-18T12:17:24","guid":{"rendered":"https:\/\/www.workman.se\/shop-west\/produkt\/truckservice-per-styck-langpall-ankommande\/"},"modified":"2022-06-15T14:41:36","modified_gmt":"2022-06-15T12:41:36","slug":"truckservice-per-styck-langpall-lossning","status":"publish","type":"product","link":"https:\/\/www.workman.se\/shop-west\/produkt\/truckservice-per-styck-langpall-lossning\/","title":{"rendered":"Truckservice (per styck) l\u00e5ngpall (lossning)"},"content":{"rendered":"<p>Truckk\u00f6rning per L\u00e5ngpall<\/p>\n","protected":false},"excerpt":{"rendered":"<p>Truckk\u00f6rning per L\u00e5ngpall<\/p>\n","protected":false},"featured_media":700,"template":"","meta":[],"product_brand":[],"product_cat":[1804],"product_tag":[],"class_list":{"0":"post-3236","1":"product","2":"type-product","3":"status-publish","4":"has-post-thumbnail","6":"product_cat-truck","8":"first","9":"instock","10":"taxable","11":"shipping-taxable","12":"purchasable","13":"product-type-simple"},"_links":{"self":[{"href":"https:\/\/www.workman.se\/shop-west\/wp-json\/wp\/v2\/product\/3236","targetHints":{"allow":["GET"]}}],"collection":[{"href":"https:\/\/www.workman.se\/shop-west\/wp-json\/wp\/v2\/product"}],"about":[{"href":"https:\/\/www.workman.se\/shop-west\/wp-json\/wp\/v2\/types\/product"}],"wp:featuredmedia":[{"embeddable":true,"href":"https:\/\/www.workman.se\/shop-west\/wp-json\/wp\/v2\/media\/700"}],"wp:attachment":[{"href":"https:\/\/www.workman.se\/shop-west\/wp-json\/wp\/v2\/media?parent=3236"}],"wp:term":[{"taxonomy":"product_brand","embeddable":true,"href":"https:\/\/www.workman.se\/shop-west\/wp-json\/wp\/v2\/product_brand?post=3236"},{"taxonomy":"product_cat","embeddable":true,"href":"https:\/\/www.workman.se\/shop-west\/wp-json\/wp\/v2\/product_cat?post=3236"},{"taxonomy":"product_tag","embeddable":true,"href":"https:\/\/www.workman.se\/shop-west\/wp-json\/wp\/v2\/product_tag?post=3236"}],"curies":[{"name":"wp","href":"https:\/\/api.w.org\/{rel}","templated":true}]}}