{"id":3238,"date":"2018-03-18T13:17:24","date_gmt":"2018-03-18T12:17:24","guid":{"rendered":"https:\/\/www.workman.se\/shop-west\/produkt\/truckkorning-debitering-per-timme-obs-minimumdebitering-05-tim\/"},"modified":"2023-06-01T15:13:00","modified_gmt":"2023-06-01T13:13:00","slug":"truckkorning-debitering-per-timme-obs-minimumdebitering-05-tim","status":"publish","type":"product","link":"https:\/\/www.workman.se\/shop-west\/produkt\/truckkorning-debitering-per-timme-obs-minimumdebitering-05-tim\/","title":{"rendered":"Truckk\u00f6rning debitering per timme. OBS! Minimumdebitering 0,5 tim."},"content":{"rendered":"<p>Truckk\u00f6rningstj\u00e4nst Inklusive f\u00f6rare<\/p>\n","protected":false},"excerpt":{"rendered":"<p>Truckk\u00f6rningstj\u00e4nst Inklusive f\u00f6rare<\/p>\n","protected":false},"featured_media":704,"template":"","meta":[],"product_brand":[],"product_cat":[1804],"product_tag":[],"class_list":{"0":"post-3238","1":"product","2":"type-product","3":"status-publish","4":"has-post-thumbnail","6":"product_cat-truck","8":"first","9":"instock","10":"taxable","11":"shipping-taxable","12":"purchasable","13":"product-type-simple"},"_links":{"self":[{"href":"https:\/\/www.workman.se\/shop-west\/wp-json\/wp\/v2\/product\/3238","targetHints":{"allow":["GET"]}}],"collection":[{"href":"https:\/\/www.workman.se\/shop-west\/wp-json\/wp\/v2\/product"}],"about":[{"href":"https:\/\/www.workman.se\/shop-west\/wp-json\/wp\/v2\/types\/product"}],"wp:featuredmedia":[{"embeddable":true,"href":"https:\/\/www.workman.se\/shop-west\/wp-json\/wp\/v2\/media\/704"}],"wp:attachment":[{"href":"https:\/\/www.workman.se\/shop-west\/wp-json\/wp\/v2\/media?parent=3238"}],"wp:term":[{"taxonomy":"product_brand","embeddable":true,"href":"https:\/\/www.workman.se\/shop-west\/wp-json\/wp\/v2\/product_brand?post=3238"},{"taxonomy":"product_cat","embeddable":true,"href":"https:\/\/www.workman.se\/shop-west\/wp-json\/wp\/v2\/product_cat?post=3238"},{"taxonomy":"product_tag","embeddable":true,"href":"https:\/\/www.workman.se\/shop-west\/wp-json\/wp\/v2\/product_tag?post=3238"}],"curies":[{"name":"wp","href":"https:\/\/api.w.org\/{rel}","templated":true}]}}