{"id":3242,"date":"2018-03-18T13:17:24","date_gmt":"2018-03-18T12:17:24","guid":{"rendered":"https:\/\/www.workman.se\/shop-west\/produkt\/vaggmodul-vitmalad-per-lopmeter-b100-cm-h250-cm-d35-cm\/"},"modified":"2018-11-30T14:20:10","modified_gmt":"2018-11-30T13:20:10","slug":"vaggmodul-vitmalad-1-meter-b100-h250-d35-cm","status":"publish","type":"product","link":"https:\/\/www.workman.se\/shop-west\/produkt\/vaggmodul-vitmalad-1-meter-b100-h250-d35-cm\/","title":{"rendered":"V\u00e4ggmodul, vitm\u00e5lad, 1 meter. B=100, H=250, D=3,5 cm"},"content":{"rendered":"","protected":false},"excerpt":{"rendered":"<p>V\u00e4ggmodul vitm\u00e5lad, 1 meter, 100 x 250 x 3,5 cm.<br \/>\nBeh\u00f6ver du 0,5 meter v\u00e4gg anv\u00e4nder du artikelnr: 2603<\/p>\n<p>OBS! Bilden \u00e4r endast en exempelbild som best\u00e5r av 8 st. 1&#215;2,5m moduler.<\/p>\n","protected":false},"featured_media":5067,"template":"","meta":[],"product_brand":[],"product_cat":[1828],"product_tag":[],"class_list":{"0":"post-3242","1":"product","2":"type-product","3":"status-publish","4":"has-post-thumbnail","6":"product_cat-tra","8":"first","9":"instock","10":"taxable","11":"shipping-taxable","12":"purchasable","13":"product-type-simple"},"_links":{"self":[{"href":"https:\/\/www.workman.se\/shop-west\/wp-json\/wp\/v2\/product\/3242","targetHints":{"allow":["GET"]}}],"collection":[{"href":"https:\/\/www.workman.se\/shop-west\/wp-json\/wp\/v2\/product"}],"about":[{"href":"https:\/\/www.workman.se\/shop-west\/wp-json\/wp\/v2\/types\/product"}],"wp:featuredmedia":[{"embeddable":true,"href":"https:\/\/www.workman.se\/shop-west\/wp-json\/wp\/v2\/media\/5067"}],"wp:attachment":[{"href":"https:\/\/www.workman.se\/shop-west\/wp-json\/wp\/v2\/media?parent=3242"}],"wp:term":[{"taxonomy":"product_brand","embeddable":true,"href":"https:\/\/www.workman.se\/shop-west\/wp-json\/wp\/v2\/product_brand?post=3242"},{"taxonomy":"product_cat","embeddable":true,"href":"https:\/\/www.workman.se\/shop-west\/wp-json\/wp\/v2\/product_cat?post=3242"},{"taxonomy":"product_tag","embeddable":true,"href":"https:\/\/www.workman.se\/shop-west\/wp-json\/wp\/v2\/product_tag?post=3242"}],"curies":[{"name":"wp","href":"https:\/\/api.w.org\/{rel}","templated":true}]}}