{"id":3251,"date":"2018-03-18T13:17:33","date_gmt":"2018-03-18T12:17:33","guid":{"rendered":"https:\/\/www.workman.se\/shop-west\/produkt\/spegel-golv-vitbets-i-tra-h182-cm-b47-cm-d59-cm\/"},"modified":"2018-03-19T13:40:25","modified_gmt":"2018-03-19T12:40:25","slug":"spegel-golv-vitbets-i-tra-h182-cm-b47-cm-d59-cm","status":"publish","type":"product","link":"https:\/\/www.workman.se\/shop-west\/produkt\/spegel-golv-vitbets-i-tra-h182-cm-b47-cm-d59-cm\/","title":{"rendered":"Spegel (golv) vitbets i tr\u00e4  H=182 cm B=47 cm D=59 cm"},"content":{"rendered":"<p>S\u00e4kerhetsfilm p\u00e5 spegel. Du kan h\u00e4nga dina sk\u00e4rp, v\u00e4skor eller accessoarer p\u00e5 knopparna p\u00e5 sidan.<\/p>\n","protected":false},"excerpt":{"rendered":"<p>S\u00e4kerhetsfilm p\u00e5 spegel. Du kan h\u00e4nga dina sk\u00e4rp, v\u00e4skor eller accessoarer p\u00e5 knopparna p\u00e5 sidan.<\/p>\n","protected":false},"featured_media":730,"template":"","meta":[],"product_brand":[],"product_cat":[1836],"product_tag":[],"class_list":{"0":"post-3251","1":"product","2":"type-product","3":"status-publish","4":"has-post-thumbnail","6":"product_cat-se-samtliga-har","8":"first","9":"instock","10":"taxable","11":"shipping-taxable","12":"purchasable","13":"product-type-simple"},"_links":{"self":[{"href":"https:\/\/www.workman.se\/shop-west\/wp-json\/wp\/v2\/product\/3251","targetHints":{"allow":["GET"]}}],"collection":[{"href":"https:\/\/www.workman.se\/shop-west\/wp-json\/wp\/v2\/product"}],"about":[{"href":"https:\/\/www.workman.se\/shop-west\/wp-json\/wp\/v2\/types\/product"}],"wp:featuredmedia":[{"embeddable":true,"href":"https:\/\/www.workman.se\/shop-west\/wp-json\/wp\/v2\/media\/730"}],"wp:attachment":[{"href":"https:\/\/www.workman.se\/shop-west\/wp-json\/wp\/v2\/media?parent=3251"}],"wp:term":[{"taxonomy":"product_brand","embeddable":true,"href":"https:\/\/www.workman.se\/shop-west\/wp-json\/wp\/v2\/product_brand?post=3251"},{"taxonomy":"product_cat","embeddable":true,"href":"https:\/\/www.workman.se\/shop-west\/wp-json\/wp\/v2\/product_cat?post=3251"},{"taxonomy":"product_tag","embeddable":true,"href":"https:\/\/www.workman.se\/shop-west\/wp-json\/wp\/v2\/product_tag?post=3251"}],"curies":[{"name":"wp","href":"https:\/\/api.w.org\/{rel}","templated":true}]}}