{"id":3253,"date":"2018-03-18T13:17:33","date_gmt":"2018-03-18T12:17:33","guid":{"rendered":"https:\/\/www.workman.se\/shop-west\/produkt\/1-st-stolpe-med-avsparrningsband-2-m-langt\/"},"modified":"2018-03-18T13:17:33","modified_gmt":"2018-03-18T12:17:33","slug":"1-st-stolpe-med-avsparrningsband-2-m-langt","status":"publish","type":"product","link":"https:\/\/www.workman.se\/shop-west\/produkt\/1-st-stolpe-med-avsparrningsband-2-m-langt\/","title":{"rendered":"1 st. stolpe med avsp\u00e4rrningsband, 2 m l\u00e5ngt"},"content":{"rendered":"<p>OBS! Minimum \u00e4r best\u00e4llning av 2 st. stolpar, d\u00e4refter best\u00e4lls dem styckvis.<\/p>\n","protected":false},"excerpt":{"rendered":"<p>OBS! Minimum \u00e4r best\u00e4llning av 2 st. stolpar, d\u00e4refter best\u00e4lls dem styckvis.<\/p>\n","protected":false},"featured_media":736,"template":"","meta":[],"product_brand":[],"product_cat":[1836],"product_tag":[],"class_list":{"0":"post-3253","1":"product","2":"type-product","3":"status-publish","4":"has-post-thumbnail","6":"product_cat-se-samtliga-har","8":"first","9":"instock","10":"taxable","11":"shipping-taxable","12":"purchasable","13":"product-type-simple"},"_links":{"self":[{"href":"https:\/\/www.workman.se\/shop-west\/wp-json\/wp\/v2\/product\/3253","targetHints":{"allow":["GET"]}}],"collection":[{"href":"https:\/\/www.workman.se\/shop-west\/wp-json\/wp\/v2\/product"}],"about":[{"href":"https:\/\/www.workman.se\/shop-west\/wp-json\/wp\/v2\/types\/product"}],"wp:featuredmedia":[{"embeddable":true,"href":"https:\/\/www.workman.se\/shop-west\/wp-json\/wp\/v2\/media\/736"}],"wp:attachment":[{"href":"https:\/\/www.workman.se\/shop-west\/wp-json\/wp\/v2\/media?parent=3253"}],"wp:term":[{"taxonomy":"product_brand","embeddable":true,"href":"https:\/\/www.workman.se\/shop-west\/wp-json\/wp\/v2\/product_brand?post=3253"},{"taxonomy":"product_cat","embeddable":true,"href":"https:\/\/www.workman.se\/shop-west\/wp-json\/wp\/v2\/product_cat?post=3253"},{"taxonomy":"product_tag","embeddable":true,"href":"https:\/\/www.workman.se\/shop-west\/wp-json\/wp\/v2\/product_tag?post=3253"}],"curies":[{"name":"wp","href":"https:\/\/api.w.org\/{rel}","templated":true}]}}