{"id":3301,"date":"2018-03-18T13:17:52","date_gmt":"2018-03-18T12:17:52","guid":{"rendered":"https:\/\/www.workman.se\/shop-west\/produkt\/maleriarbete-per-timma\/"},"modified":"2018-03-19T13:41:17","modified_gmt":"2018-03-19T12:41:17","slug":"maleriarbete-per-timma","status":"publish","type":"product","link":"https:\/\/www.workman.se\/shop-west\/produkt\/maleriarbete-per-timma\/","title":{"rendered":"M\u00e5leriarbete per timma"},"content":{"rendered":"<p>En professionell yrkesm\u00e5lare genomf\u00f6r m\u00e5leriarbeten enligt best\u00e4llning.<\/p>\n","protected":false},"excerpt":{"rendered":"<p>En professionell yrkesm\u00e5lare genomf\u00f6r m\u00e5leriarbeten enligt best\u00e4llning.<\/p>\n","protected":false},"featured_media":840,"template":"","meta":[],"product_brand":[],"product_cat":[1743],"product_tag":[],"class_list":{"0":"post-3301","1":"product","2":"type-product","3":"status-publish","4":"has-post-thumbnail","6":"product_cat-malning-malning","8":"first","9":"instock","10":"taxable","11":"shipping-taxable","12":"purchasable","13":"product-type-simple"},"_links":{"self":[{"href":"https:\/\/www.workman.se\/shop-west\/wp-json\/wp\/v2\/product\/3301","targetHints":{"allow":["GET"]}}],"collection":[{"href":"https:\/\/www.workman.se\/shop-west\/wp-json\/wp\/v2\/product"}],"about":[{"href":"https:\/\/www.workman.se\/shop-west\/wp-json\/wp\/v2\/types\/product"}],"wp:featuredmedia":[{"embeddable":true,"href":"https:\/\/www.workman.se\/shop-west\/wp-json\/wp\/v2\/media\/840"}],"wp:attachment":[{"href":"https:\/\/www.workman.se\/shop-west\/wp-json\/wp\/v2\/media?parent=3301"}],"wp:term":[{"taxonomy":"product_brand","embeddable":true,"href":"https:\/\/www.workman.se\/shop-west\/wp-json\/wp\/v2\/product_brand?post=3301"},{"taxonomy":"product_cat","embeddable":true,"href":"https:\/\/www.workman.se\/shop-west\/wp-json\/wp\/v2\/product_cat?post=3301"},{"taxonomy":"product_tag","embeddable":true,"href":"https:\/\/www.workman.se\/shop-west\/wp-json\/wp\/v2\/product_tag?post=3301"}],"curies":[{"name":"wp","href":"https:\/\/api.w.org\/{rel}","templated":true}]}}