{"id":3304,"date":"2018-03-18T13:18:01","date_gmt":"2018-03-18T12:18:01","guid":{"rendered":"https:\/\/www.workman.se\/shop-west\/produkt\/malning-valfri-ncs-farg-inklusive-atermalning-till-vitt-obs-per-lopmeter1x25m\/"},"modified":"2018-06-05T09:45:07","modified_gmt":"2018-06-05T07:45:07","slug":"malning-valfri-ncs-farg-inklusive-atermalning-till-vitt-obs-per-lopmeter1x25m","status":"publish","type":"product","link":"https:\/\/www.workman.se\/shop-west\/produkt\/malning-valfri-ncs-farg-inklusive-atermalning-till-vitt-obs-per-lopmeter1x25m\/","title":{"rendered":"M\u00e5lning valfri NCS-f\u00e4rg inklusive \u00e5term\u00e5lning till vitt. OBS! Per l\u00f6pmeter(1&#215;2,5m)"},"content":{"rendered":"<p>M\u00e5lning s\u00e4ljs per l\u00f6pmeter, 1 meter bred x 2,5 meter i h\u00f6jd. F\u00f6ljer m\u00e5tten p\u00e5 en standardm\u00e4ssv\u00e4gg.<br \/>\nVid best\u00e4llning under 5 l\u00f6pmeter tillkommer en extra f\u00e4rgkostnad p\u00e5 500 kronor.<br \/>\nOBS! Gl\u00f6m inte att ange NCS-f\u00e4rgkoden i kassan vid best\u00e4llning.<\/p>\n","protected":false},"excerpt":{"rendered":"<p>M\u00e5lning s\u00e4ljs per l\u00f6pmeter, 1 meter bred x 2,5 meter i h\u00f6jd. F\u00f6ljer m\u00e5tten p\u00e5 en standardm\u00e4ssv\u00e4gg. Vid best\u00e4llning under 5 l\u00f6pmeter tillkommer en extra f\u00e4rgkostnad p\u00e5 500 kronor. OBS! Gl\u00f6m inte att ange NCS-f\u00e4rgkoden i kassan vid best\u00e4llning.<\/p>\n","protected":false},"featured_media":848,"template":"","meta":[],"product_brand":[],"product_cat":[1743],"product_tag":[],"class_list":{"0":"post-3304","1":"product","2":"type-product","3":"status-publish","4":"has-post-thumbnail","6":"product_cat-malning-malning","8":"first","9":"instock","10":"taxable","11":"shipping-taxable","12":"purchasable","13":"product-type-simple"},"_links":{"self":[{"href":"https:\/\/www.workman.se\/shop-west\/wp-json\/wp\/v2\/product\/3304","targetHints":{"allow":["GET"]}}],"collection":[{"href":"https:\/\/www.workman.se\/shop-west\/wp-json\/wp\/v2\/product"}],"about":[{"href":"https:\/\/www.workman.se\/shop-west\/wp-json\/wp\/v2\/types\/product"}],"wp:featuredmedia":[{"embeddable":true,"href":"https:\/\/www.workman.se\/shop-west\/wp-json\/wp\/v2\/media\/848"}],"wp:attachment":[{"href":"https:\/\/www.workman.se\/shop-west\/wp-json\/wp\/v2\/media?parent=3304"}],"wp:term":[{"taxonomy":"product_brand","embeddable":true,"href":"https:\/\/www.workman.se\/shop-west\/wp-json\/wp\/v2\/product_brand?post=3304"},{"taxonomy":"product_cat","embeddable":true,"href":"https:\/\/www.workman.se\/shop-west\/wp-json\/wp\/v2\/product_cat?post=3304"},{"taxonomy":"product_tag","embeddable":true,"href":"https:\/\/www.workman.se\/shop-west\/wp-json\/wp\/v2\/product_tag?post=3304"}],"curies":[{"name":"wp","href":"https:\/\/api.w.org\/{rel}","templated":true}]}}