{"id":3306,"date":"2018-03-18T13:18:01","date_gmt":"2018-03-18T12:18:01","guid":{"rendered":"https:\/\/www.workman.se\/shop-west\/produkt\/malning-ncs-kulor-mdf-span-bekladd-vagg-2-strykningar\/"},"modified":"2018-09-11T08:56:15","modified_gmt":"2018-09-11T06:56:15","slug":"malning-ncs-kulor-mdf-span-bekladd-vagg-2-strykningar","status":"publish","type":"product","link":"https:\/\/www.workman.se\/shop-west\/produkt\/malning-ncs-kulor-mdf-span-bekladd-vagg-2-strykningar\/","title":{"rendered":"M\u00e5lning  NCS Kul\u00f6r  MDF\/SP\u00c5N. Bekl\u00e4dd v\u00e4gg. 2 Strykningar."},"content":{"rendered":"<p>OBS &#8211; Detta \u00e4r endast m\u00e5lningen. Kostnader tillkommer f\u00f6r sp\u00e5nbekl\u00e4dnad av v\u00e4gg (310kr per l\u00f6pmeter).<\/p>\n","protected":false},"excerpt":{"rendered":"<p>OBS &#8211; Detta \u00e4r endast m\u00e5lningen. Kostnader tillkommer f\u00f6r sp\u00e5nbekl\u00e4dnad av v\u00e4gg (310kr per l\u00f6pmeter).<\/p>\n","protected":false},"featured_media":852,"template":"","meta":[],"product_brand":[],"product_cat":[1743],"product_tag":[],"class_list":{"0":"post-3306","1":"product","2":"type-product","3":"status-publish","4":"has-post-thumbnail","6":"product_cat-malning-malning","8":"first","9":"instock","10":"taxable","11":"shipping-taxable","12":"purchasable","13":"product-type-simple"},"_links":{"self":[{"href":"https:\/\/www.workman.se\/shop-west\/wp-json\/wp\/v2\/product\/3306","targetHints":{"allow":["GET"]}}],"collection":[{"href":"https:\/\/www.workman.se\/shop-west\/wp-json\/wp\/v2\/product"}],"about":[{"href":"https:\/\/www.workman.se\/shop-west\/wp-json\/wp\/v2\/types\/product"}],"wp:featuredmedia":[{"embeddable":true,"href":"https:\/\/www.workman.se\/shop-west\/wp-json\/wp\/v2\/media\/852"}],"wp:attachment":[{"href":"https:\/\/www.workman.se\/shop-west\/wp-json\/wp\/v2\/media?parent=3306"}],"wp:term":[{"taxonomy":"product_brand","embeddable":true,"href":"https:\/\/www.workman.se\/shop-west\/wp-json\/wp\/v2\/product_brand?post=3306"},{"taxonomy":"product_cat","embeddable":true,"href":"https:\/\/www.workman.se\/shop-west\/wp-json\/wp\/v2\/product_cat?post=3306"},{"taxonomy":"product_tag","embeddable":true,"href":"https:\/\/www.workman.se\/shop-west\/wp-json\/wp\/v2\/product_tag?post=3306"}],"curies":[{"name":"wp","href":"https:\/\/api.w.org\/{rel}","templated":true}]}}