{"id":3309,"date":"2018-03-18T13:18:01","date_gmt":"2018-03-18T12:18:01","guid":{"rendered":"https:\/\/www.workman.se\/shop-west\/produkt\/vajerpunkt-inklusive-lasning-fran-taket-maxbelastning-150-kg\/"},"modified":"2022-11-28T12:47:41","modified_gmt":"2022-11-28T11:47:41","slug":"vajerpunkt-inklusive-lasning-fran-taket-maxbelastning-50-kg","status":"publish","type":"product","link":"https:\/\/www.workman.se\/shop-west\/produkt\/vajerpunkt-inklusive-lasning-fran-taket-maxbelastning-50-kg\/","title":{"rendered":"Vajerpunkt Inklusive: L\u00e5sning fr\u00e5n taket. Maxbelastning 50 kg."},"content":{"rendered":"<p>Maximal belastning per vajerpunkt \u00e4r 50 kg. Exakt placering av vajer kan ej garanteras p\u00e5 grund av takets tekniska konstruktion.<\/p>\n","protected":false},"excerpt":{"rendered":"<p>Maximal belastning per vajerpunkt \u00e4r 50 kg. Exakt placering av vajer kan ej garanteras p\u00e5 grund av takets tekniska konstruktion.<\/p>\n","protected":false},"featured_media":860,"template":"","meta":[],"product_brand":[],"product_cat":[1889],"product_tag":[],"class_list":{"0":"post-3309","1":"product","2":"type-product","3":"status-publish","4":"has-post-thumbnail","6":"product_cat-vajer","8":"first","9":"instock","10":"taxable","11":"shipping-taxable","12":"purchasable","13":"product-type-simple"},"_links":{"self":[{"href":"https:\/\/www.workman.se\/shop-west\/wp-json\/wp\/v2\/product\/3309","targetHints":{"allow":["GET"]}}],"collection":[{"href":"https:\/\/www.workman.se\/shop-west\/wp-json\/wp\/v2\/product"}],"about":[{"href":"https:\/\/www.workman.se\/shop-west\/wp-json\/wp\/v2\/types\/product"}],"wp:featuredmedia":[{"embeddable":true,"href":"https:\/\/www.workman.se\/shop-west\/wp-json\/wp\/v2\/media\/860"}],"wp:attachment":[{"href":"https:\/\/www.workman.se\/shop-west\/wp-json\/wp\/v2\/media?parent=3309"}],"wp:term":[{"taxonomy":"product_brand","embeddable":true,"href":"https:\/\/www.workman.se\/shop-west\/wp-json\/wp\/v2\/product_brand?post=3309"},{"taxonomy":"product_cat","embeddable":true,"href":"https:\/\/www.workman.se\/shop-west\/wp-json\/wp\/v2\/product_cat?post=3309"},{"taxonomy":"product_tag","embeddable":true,"href":"https:\/\/www.workman.se\/shop-west\/wp-json\/wp\/v2\/product_tag?post=3309"}],"curies":[{"name":"wp","href":"https:\/\/api.w.org\/{rel}","templated":true}]}}