{"id":3313,"date":"2018-03-18T13:18:01","date_gmt":"2018-03-18T12:18:01","guid":{"rendered":"https:\/\/www.workman.se\/shop-west\/produkt\/vajerpunkt-med-tunnvajer-inkl-lasning-fran-taket-maxbelastning-35kg\/"},"modified":"2022-11-28T12:44:23","modified_gmt":"2022-11-28T11:44:23","slug":"vajerpunkt-med-tunnvajer-inkl-lasning-fran-taket-maxbelastning-35kg","status":"publish","type":"product","link":"https:\/\/www.workman.se\/shop-west\/produkt\/vajerpunkt-med-tunnvajer-inkl-lasning-fran-taket-maxbelastning-35kg\/","title":{"rendered":"Vajerpunkt med tunnvajer inkl l\u00e5sning fr\u00e5n taket. Maxbelastning 35kg."},"content":{"rendered":"<p>Denna produkt \u00e4r avsedd f\u00f6r att anv\u00e4ndas till exempelvis h\u00e4ngning av vepor, mindre skyltar etc. Om ni \u00e4r os\u00e4kra, v\u00e4nligen kontakta kontoret f\u00f6r att se vilken produkt som \u00e4r l\u00e4mpad f\u00f6r er best\u00e4llning.<\/p>\n","protected":false},"excerpt":{"rendered":"<p>Denna produkt \u00e4r avsedd f\u00f6r att anv\u00e4ndas till exempelvis h\u00e4ngning av vepor, mindre skyltar etc. Om ni \u00e4r os\u00e4kra, v\u00e4nligen kontakta kontoret f\u00f6r att se vilken produkt som \u00e4r l\u00e4mpad f\u00f6r er best\u00e4llning.<\/p>\n","protected":false},"featured_media":872,"template":"","meta":[],"product_brand":[],"product_cat":[1889],"product_tag":[],"class_list":{"0":"post-3313","1":"product","2":"type-product","3":"status-publish","4":"has-post-thumbnail","6":"product_cat-vajer","8":"first","9":"instock","10":"taxable","11":"shipping-taxable","12":"purchasable","13":"product-type-simple"},"_links":{"self":[{"href":"https:\/\/www.workman.se\/shop-west\/wp-json\/wp\/v2\/product\/3313","targetHints":{"allow":["GET"]}}],"collection":[{"href":"https:\/\/www.workman.se\/shop-west\/wp-json\/wp\/v2\/product"}],"about":[{"href":"https:\/\/www.workman.se\/shop-west\/wp-json\/wp\/v2\/types\/product"}],"wp:featuredmedia":[{"embeddable":true,"href":"https:\/\/www.workman.se\/shop-west\/wp-json\/wp\/v2\/media\/872"}],"wp:attachment":[{"href":"https:\/\/www.workman.se\/shop-west\/wp-json\/wp\/v2\/media?parent=3313"}],"wp:term":[{"taxonomy":"product_brand","embeddable":true,"href":"https:\/\/www.workman.se\/shop-west\/wp-json\/wp\/v2\/product_brand?post=3313"},{"taxonomy":"product_cat","embeddable":true,"href":"https:\/\/www.workman.se\/shop-west\/wp-json\/wp\/v2\/product_cat?post=3313"},{"taxonomy":"product_tag","embeddable":true,"href":"https:\/\/www.workman.se\/shop-west\/wp-json\/wp\/v2\/product_tag?post=3313"}],"curies":[{"name":"wp","href":"https:\/\/api.w.org\/{rel}","templated":true}]}}