{"id":3315,"date":"2018-03-18T13:18:01","date_gmt":"2018-03-18T12:18:01","guid":{"rendered":"https:\/\/www.workman.se\/shop-west\/produkt\/ljustrosspaket-xl-inkl-10-st-850w-cdm-lampor-och-10-meter-tross\/"},"modified":"2023-04-18T08:37:02","modified_gmt":"2023-04-18T06:37:02","slug":"ljustrosspaket-xl-inkl-10-st-850w-cdm-lampor-och-10-meter-tross","status":"publish","type":"product","link":"https:\/\/www.workman.se\/shop-west\/produkt\/ljustrosspaket-xl-inkl-10-st-850w-cdm-lampor-och-10-meter-tross\/","title":{"rendered":"<b>Ljustrosspaket XL<\/b> Inkl. 10 st 850W  CDM- lampor och 10 meter tross."},"content":{"rendered":"<p>Priset inkluderar: vajerpunkter, el- anslutning, montage och riktning av ljuset. Monteras p\u00e5 4,5 m h\u00f6jd. Best\u00e4ll i god tid! Ans\u00f6kan m\u00e5ste vara m\u00e4ssan tillhanda minst 3 veckor innan m\u00e4ssan \u00f6ppnar. Exakt placering kan inte garanteras p.g.a takets utformning.<\/p>\n","protected":false},"excerpt":{"rendered":"<p><a href=\"https:\/\/www.workman.se\/shop-west\/wp-content\/uploads\/LjustrossXL-Artnr3610.pdf\" target=\"_blank\" rel=\"noopener\">Informationsblad<\/a><\/p>\n","protected":false},"featured_media":870,"template":"","meta":[],"product_brand":[],"product_cat":[1675,1874],"product_tag":[],"class_list":{"0":"post-3315","1":"product","2":"type-product","3":"status-publish","4":"has-post-thumbnail","6":"product_cat-belysning","7":"product_cat-ljustross","9":"first","10":"instock","11":"taxable","12":"shipping-taxable","13":"purchasable","14":"product-type-simple"},"_links":{"self":[{"href":"https:\/\/www.workman.se\/shop-west\/wp-json\/wp\/v2\/product\/3315","targetHints":{"allow":["GET"]}}],"collection":[{"href":"https:\/\/www.workman.se\/shop-west\/wp-json\/wp\/v2\/product"}],"about":[{"href":"https:\/\/www.workman.se\/shop-west\/wp-json\/wp\/v2\/types\/product"}],"wp:featuredmedia":[{"embeddable":true,"href":"https:\/\/www.workman.se\/shop-west\/wp-json\/wp\/v2\/media\/870"}],"wp:attachment":[{"href":"https:\/\/www.workman.se\/shop-west\/wp-json\/wp\/v2\/media?parent=3315"}],"wp:term":[{"taxonomy":"product_brand","embeddable":true,"href":"https:\/\/www.workman.se\/shop-west\/wp-json\/wp\/v2\/product_brand?post=3315"},{"taxonomy":"product_cat","embeddable":true,"href":"https:\/\/www.workman.se\/shop-west\/wp-json\/wp\/v2\/product_cat?post=3315"},{"taxonomy":"product_tag","embeddable":true,"href":"https:\/\/www.workman.se\/shop-west\/wp-json\/wp\/v2\/product_tag?post=3315"}],"curies":[{"name":"wp","href":"https:\/\/api.w.org\/{rel}","templated":true}]}}