{"id":3317,"date":"2018-03-18T13:18:01","date_gmt":"2018-03-18T12:18:01","guid":{"rendered":"https:\/\/www.workman.se\/shop-west\/produkt\/eltelfer-prolyft-maxbelastning-150kg-exkl-vajerpunkt\/"},"modified":"2022-11-28T12:44:32","modified_gmt":"2022-11-28T11:44:32","slug":"eltelfer-prolyft-maxbelastning-150kg-exkl-vajerpunkt","status":"publish","type":"product","link":"https:\/\/www.workman.se\/shop-west\/produkt\/eltelfer-prolyft-maxbelastning-150kg-exkl-vajerpunkt\/","title":{"rendered":"Eltelfer Prolyft maxbelastning 150kg exkl. vajerpunkt"},"content":{"rendered":"<p>F\u00f6r denna artikel kr\u00e4vs \u00e4ven best\u00e4llning av artikel <a href=\"https:\/\/www.workman.se\/shop-west\/produkt\/vajerpunkt-inklusive-lasning-fran-taket-maxbelastning-150-kg\/\">3601 &#8211; Vajerpunkt Inklusive: L\u00e5sning fr\u00e5n taket. Maxbelastning 150 kg.<\/a><\/p>\n","protected":false},"excerpt":{"rendered":"<p>F\u00f6r denna artikel kr\u00e4vs \u00e4ven best\u00e4llning av artikel 3601 &#8211; Vajerpunkt Inklusive: L\u00e5sning fr\u00e5n taket. Maxbelastning 150 kg.<\/p>\n","protected":false},"featured_media":876,"template":"","meta":[],"product_brand":[],"product_cat":[1889],"product_tag":[],"class_list":{"0":"post-3317","1":"product","2":"type-product","3":"status-publish","4":"has-post-thumbnail","6":"product_cat-vajer","8":"first","9":"instock","10":"taxable","11":"shipping-taxable","12":"purchasable","13":"product-type-simple"},"_links":{"self":[{"href":"https:\/\/www.workman.se\/shop-west\/wp-json\/wp\/v2\/product\/3317","targetHints":{"allow":["GET"]}}],"collection":[{"href":"https:\/\/www.workman.se\/shop-west\/wp-json\/wp\/v2\/product"}],"about":[{"href":"https:\/\/www.workman.se\/shop-west\/wp-json\/wp\/v2\/types\/product"}],"wp:featuredmedia":[{"embeddable":true,"href":"https:\/\/www.workman.se\/shop-west\/wp-json\/wp\/v2\/media\/876"}],"wp:attachment":[{"href":"https:\/\/www.workman.se\/shop-west\/wp-json\/wp\/v2\/media?parent=3317"}],"wp:term":[{"taxonomy":"product_brand","embeddable":true,"href":"https:\/\/www.workman.se\/shop-west\/wp-json\/wp\/v2\/product_brand?post=3317"},{"taxonomy":"product_cat","embeddable":true,"href":"https:\/\/www.workman.se\/shop-west\/wp-json\/wp\/v2\/product_cat?post=3317"},{"taxonomy":"product_tag","embeddable":true,"href":"https:\/\/www.workman.se\/shop-west\/wp-json\/wp\/v2\/product_tag?post=3317"}],"curies":[{"name":"wp","href":"https:\/\/api.w.org\/{rel}","templated":true}]}}