{"id":4915,"date":"2018-11-27T10:30:42","date_gmt":"2018-11-27T09:30:42","guid":{"rendered":"https:\/\/www.workman.se\/shop-west\/?post_type=product&#038;p=4915"},"modified":"2019-06-11T08:25:12","modified_gmt":"2019-06-11T06:25:12","slug":"belyst-rund-bardisk-vit-b165-h110-d71cm","status":"publish","type":"product","link":"https:\/\/www.workman.se\/shop-west\/produkt\/belyst-rund-bardisk-vit-b165-h110-d71cm\/","title":{"rendered":"Belyst rund bardisk, Vit, B=165, H=110, D=71cm"},"content":{"rendered":"","protected":false},"excerpt":{"rendered":"<p>Toppskivan (h\u00f6gst upp) \u00e4r 24 cm djup och arbetsskivan under \u00e4r 38,5 cm djup. Tryck ing\u00e5r ej, se art. nr. <a href=\"https:\/\/www.workman.se\/shop-west\/produkt\/print-for-belyst-rund-bardisk-art-nr-11528-1532x989mm\/\">12230<\/a> f\u00f6r pris p\u00e5 tryck.<\/p>\n","protected":false},"featured_media":4916,"template":"","meta":[],"product_brand":[],"product_cat":[1633],"product_tag":[],"class_list":{"0":"post-4915","1":"product","2":"type-product","3":"status-publish","4":"has-post-thumbnail","6":"product_cat-belyst-bardisk","8":"first","9":"instock","10":"taxable","11":"shipping-taxable","12":"purchasable","13":"product-type-simple"},"_links":{"self":[{"href":"https:\/\/www.workman.se\/shop-west\/wp-json\/wp\/v2\/product\/4915","targetHints":{"allow":["GET"]}}],"collection":[{"href":"https:\/\/www.workman.se\/shop-west\/wp-json\/wp\/v2\/product"}],"about":[{"href":"https:\/\/www.workman.se\/shop-west\/wp-json\/wp\/v2\/types\/product"}],"wp:featuredmedia":[{"embeddable":true,"href":"https:\/\/www.workman.se\/shop-west\/wp-json\/wp\/v2\/media\/4916"}],"wp:attachment":[{"href":"https:\/\/www.workman.se\/shop-west\/wp-json\/wp\/v2\/media?parent=4915"}],"wp:term":[{"taxonomy":"product_brand","embeddable":true,"href":"https:\/\/www.workman.se\/shop-west\/wp-json\/wp\/v2\/product_brand?post=4915"},{"taxonomy":"product_cat","embeddable":true,"href":"https:\/\/www.workman.se\/shop-west\/wp-json\/wp\/v2\/product_cat?post=4915"},{"taxonomy":"product_tag","embeddable":true,"href":"https:\/\/www.workman.se\/shop-west\/wp-json\/wp\/v2\/product_tag?post=4915"}],"curies":[{"name":"wp","href":"https:\/\/api.w.org\/{rel}","templated":true}]}}