{"id":5050,"date":"2018-11-30T10:51:41","date_gmt":"2018-11-30T09:51:41","guid":{"rendered":"https:\/\/www.workman.se\/shop-west\/?post_type=product&#038;p=5050"},"modified":"2018-11-30T10:51:42","modified_gmt":"2018-11-30T09:51:42","slug":"heltackningsmatta-expo-trend-morkbla-inkl-plastning","status":"publish","type":"product","link":"https:\/\/www.workman.se\/shop-west\/produkt\/heltackningsmatta-expo-trend-morkbla-inkl-plastning\/","title":{"rendered":"Helt\u00e4ckningsmatta, Expo Trend, M\u00f6rkbl\u00e5 inkl. plastning"},"content":{"rendered":"","protected":false},"excerpt":{"rendered":"<p>Med skyddsplast som g\u00e5r l\u00e4tt att riva bort. Pris g\u00e4ller per m2.<\/p>\n","protected":false},"featured_media":5014,"template":"","meta":[],"product_brand":[],"product_cat":[1878],"product_tag":[],"class_list":{"0":"post-5050","1":"product","2":"type-product","3":"status-publish","4":"has-post-thumbnail","6":"product_cat-heltackningsmatta-expo-trend","8":"first","9":"instock","10":"taxable","11":"shipping-taxable","12":"purchasable","13":"product-type-simple"},"_links":{"self":[{"href":"https:\/\/www.workman.se\/shop-west\/wp-json\/wp\/v2\/product\/5050","targetHints":{"allow":["GET"]}}],"collection":[{"href":"https:\/\/www.workman.se\/shop-west\/wp-json\/wp\/v2\/product"}],"about":[{"href":"https:\/\/www.workman.se\/shop-west\/wp-json\/wp\/v2\/types\/product"}],"wp:featuredmedia":[{"embeddable":true,"href":"https:\/\/www.workman.se\/shop-west\/wp-json\/wp\/v2\/media\/5014"}],"wp:attachment":[{"href":"https:\/\/www.workman.se\/shop-west\/wp-json\/wp\/v2\/media?parent=5050"}],"wp:term":[{"taxonomy":"product_brand","embeddable":true,"href":"https:\/\/www.workman.se\/shop-west\/wp-json\/wp\/v2\/product_brand?post=5050"},{"taxonomy":"product_cat","embeddable":true,"href":"https:\/\/www.workman.se\/shop-west\/wp-json\/wp\/v2\/product_cat?post=5050"},{"taxonomy":"product_tag","embeddable":true,"href":"https:\/\/www.workman.se\/shop-west\/wp-json\/wp\/v2\/product_tag?post=5050"}],"curies":[{"name":"wp","href":"https:\/\/api.w.org\/{rel}","templated":true}]}}