{"id":5788,"date":"2021-10-11T13:01:21","date_gmt":"2021-10-11T11:01:21","guid":{"rendered":"https:\/\/www.workman.se\/shop-west\/?post_type=product&#038;p=5788"},"modified":"2025-01-17T13:51:01","modified_gmt":"2025-01-17T12:51:01","slug":"starkstrom-380v-16a-max-106kw-eriksbergshallen","status":"publish","type":"product","link":"https:\/\/www.workman.se\/shop-west\/produkt\/starkstrom-380v-16a-max-106kw-eriksbergshallen\/","title":{"rendered":"Starkstr\u00f6m 380V 16A max 10,6KW (Eriksbergshallen)"},"content":{"rendered":"<p>Vi placerar elanslutningen p\u00e5 n\u00e4rmast tillg\u00e4nglig plats om ej annat anges. Alla 3-fas kraftuttag som inte \u00e4r best\u00e4llda som nattstr\u00f6m, st\u00e4ngs av under natten<\/p>\n","protected":false},"excerpt":{"rendered":"<p>Vi placerar elanslutningen p\u00e5 n\u00e4rmast tillg\u00e4nglig plats om ej annat anges. Alla 3-fas kraftuttag som inte \u00e4r best\u00e4llda som nattstr\u00f6m, st\u00e4ngs av under natten<\/p>\n","protected":false},"featured_media":392,"template":"","meta":[],"product_brand":[],"product_cat":[1883],"product_tag":[],"class_list":{"0":"post-5788","1":"product","2":"type-product","3":"status-publish","4":"has-post-thumbnail","6":"product_cat-el-eriksbergshallen","8":"first","9":"instock","10":"taxable","11":"shipping-taxable","12":"purchasable","13":"product-type-simple"},"_links":{"self":[{"href":"https:\/\/www.workman.se\/shop-west\/wp-json\/wp\/v2\/product\/5788","targetHints":{"allow":["GET"]}}],"collection":[{"href":"https:\/\/www.workman.se\/shop-west\/wp-json\/wp\/v2\/product"}],"about":[{"href":"https:\/\/www.workman.se\/shop-west\/wp-json\/wp\/v2\/types\/product"}],"wp:featuredmedia":[{"embeddable":true,"href":"https:\/\/www.workman.se\/shop-west\/wp-json\/wp\/v2\/media\/392"}],"wp:attachment":[{"href":"https:\/\/www.workman.se\/shop-west\/wp-json\/wp\/v2\/media?parent=5788"}],"wp:term":[{"taxonomy":"product_brand","embeddable":true,"href":"https:\/\/www.workman.se\/shop-west\/wp-json\/wp\/v2\/product_brand?post=5788"},{"taxonomy":"product_cat","embeddable":true,"href":"https:\/\/www.workman.se\/shop-west\/wp-json\/wp\/v2\/product_cat?post=5788"},{"taxonomy":"product_tag","embeddable":true,"href":"https:\/\/www.workman.se\/shop-west\/wp-json\/wp\/v2\/product_tag?post=5788"}],"curies":[{"name":"wp","href":"https:\/\/api.w.org\/{rel}","templated":true}]}}